{"id":1924,"date":"2018-07-21T17:53:12","date_gmt":"2018-07-21T17:53:12","guid":{"rendered":"http:\/\/ecoletravel.com\/index.php\/who-we-are\/"},"modified":"2019-04-03T19:04:07","modified_gmt":"2019-04-03T19:04:07","slug":"quienes-somos","status":"publish","type":"page","link":"http:\/\/ecoletravel.com\/index.php\/quienes-somos\/?lang=es","title":{"rendered":"Qui\u00e9nes somos"},"content":{"rendered":"<p>[vc_row][vc_column width=\u00bb2\/3&#8243;] <h1 style=\"color:;padding:px;text-align:;font-size:px;line-height:px;letter-spacing: px;font-weight:\" class=\"    \">QUIENES SOMOS<\/h1> <div style=\"background-color:;height: 20px\" class=\"nicdark_section  \"><\/div> <h3 style=\"color:#a4a4a4;padding:px;text-align:;font-size:px;line-height:px;letter-spacing: px;font-weight:\" class=\"    \">NOSOTROS<\/h3> <div style=\"background-color:;height: 20px\" class=\"nicdark_section  \"><\/div>\n    <div class=\"nd_options_section nd_options_line_height_0  nd_options_text_align_left \">\n        <span style=\"height:2px;width:80px;background-color:#f1f1f1\" class=\"nd_options_display_inline_block\"><\/span>\n    <\/div>\n   <div style=\"background-color:;height: 20px\" class=\"nicdark_section  \"><\/div>[\/vc_column][\/vc_row][vc_row][vc_column width=\u00bb1\/3&#8243;][vc_single_image image=\u00bb1931&#8243; img_size=\u00bb500&#215;333&#8243; alignment=\u00bbright\u00bb css_animation=\u00bbfadeInLeft\u00bb]<div style=\"background-color:;height: 20px\" class=\"nicdark_section  \"><\/div><div style=\"background-color:;height: 20px\" class=\"nicdark_section  \"><\/div>[\/vc_column][vc_column width=\u00bb2\/3&#8243;][vc_column_text]Sostenibilidad ha sido una palabra clave en nuestras operaciones durante a\u00f1os. Estamos muy orgullosos de ser parte de una grande y creciente red de organizaciones que est\u00e1n conscientes del impacto que el turismo tiene en el medio ambiente y act\u00faan en consecuencia.<\/p>\n<p>&nbsp;<\/p>\n<p>Cada turista que visite Costa Rica sentir\u00e1 y experimentar\u00e1, incluso en los rincones m\u00e1s remotos del pa\u00eds, los esfuerzos para proteger, reciclar, reducir el desperdicio, educar, involucrar a la poblaci\u00f3n local y a los visitantes con el fin de mantener este para\u00edso para las futuras generaciones.<br \/>\n[\/vc_column_text][\/vc_column][\/vc_row][vc_row css=\u00bb.vc_custom_1530757500104{margin-top: 40px !important;margin-bottom: 40px !important;}\u00bb el_id=\u00bbsubirsidebar\u00bb][vc_column] <h3 style=\"color:;padding:px;text-align:;font-size:px;line-height:px;letter-spacing: px;font-weight:normal\" class=\"  nd_options_line_height_40_all_iphone  \">HISTORIA<\/h3> <div style=\"background-color:;height: 20px\" class=\"nicdark_section  \"><\/div>[vc_column_text]<img loading=\"lazy\" decoding=\"async\" class=\"wp-image-1717 size-medium alignright\" src=\"https:\/\/i2.wp.com\/ecoletravel.com\/wp-content\/uploads\/2018\/10\/image015.jpg.jpeg?resize=300%2C225\" alt=\"\" width=\"300\" height=\"225\" srcset=\"https:\/\/i2.wp.com\/ecoletravel.com\/wp-content\/uploads\/2018\/10\/image015.jpg.jpeg?resize=300%2C225 300w, https:\/\/i2.wp.com\/ecoletravel.com\/wp-content\/uploads\/2018\/10\/image015.jpg.jpeg?resize=200%2C150 200w, https:\/\/i2.wp.com\/ecoletravel.com\/wp-content\/uploads\/2018\/10\/image015.jpg.jpeg?resize=768%2C576 768w, https:\/\/i2.wp.com\/ecoletravel.com\/wp-content\/uploads\/2018\/10\/image015.jpg.jpeg?resize=1024%2C768 1024w, https:\/\/i2.wp.com\/ecoletravel.com\/wp-content\/uploads\/2018\/10\/image015.jpg.jpeg?resize=600%2C450 600w, https:\/\/i2.wp.com\/ecoletravel.com\/wp-content\/uploads\/2018\/10\/image015.jpg.jpeg?w=2048 2048w\" sizes=\"auto, (max-width: 300px) 100vw, 300px\" data-recalc-dims=\"1\" \/><\/p>\n<p>Ecole Travel fue fundada en 1993 por Astrid Cremers, quien, despu\u00e9s de terminar sus estudios en Groningen (Pa\u00edses Bajos) viaj\u00f3 extensamente por Am\u00e9rica Latina, siendo pionera como gu\u00eda tur\u00edstica.<\/p>\n<p>&nbsp;<\/p>\n<p>Despu\u00e9s de un tiempo, se estableci\u00f3 en San Jos\u00e9 y comenz\u00f3 su negocio ofreciendo tours al remoto, y casi inaccesible, Tortuguero. Con el turismo en Costa Rica en aumento, Ecole Travel pudo atraer socios de negocios de los principales pa\u00edses del noroeste de Europa y se ha convertido en una de las agencias de viajes l\u00edderes en Costa Rica. Ahora estamos recibiendo grupos \/ FITS \/ grupos de inter\u00e9s especial e incentivos.[\/vc_column_text][\/vc_column][\/vc_row][vc_row css=\u00bb.vc_custom_1530757500104{margin-top: 40px !important;margin-bottom: 40px !important;}\u00bb][vc_column] <h3 style=\"color:;padding:px;text-align:;font-size:px;line-height:px;letter-spacing: px;font-weight:normal\" class=\"  nd_options_line_height_40_all_iphone  \">EL FUTURO<\/h3> <div style=\"background-color:;height: 20px\" class=\"nicdark_section  \"><\/div>[vc_column_text]<img loading=\"lazy\" decoding=\"async\" class=\"wp-image-1718 size-medium alignleft\" src=\"https:\/\/i1.wp.com\/ecoletravel.com\/wp-content\/uploads\/2018\/10\/Future.jpeg?resize=300%2C225\" alt=\"\" width=\"300\" height=\"225\" srcset=\"https:\/\/i1.wp.com\/ecoletravel.com\/wp-content\/uploads\/2018\/10\/Future.jpeg?resize=300%2C225 300w, https:\/\/i1.wp.com\/ecoletravel.com\/wp-content\/uploads\/2018\/10\/Future.jpeg?resize=200%2C150 200w, https:\/\/i1.wp.com\/ecoletravel.com\/wp-content\/uploads\/2018\/10\/Future.jpeg?resize=768%2C576 768w, https:\/\/i1.wp.com\/ecoletravel.com\/wp-content\/uploads\/2018\/10\/Future.jpeg?resize=1024%2C768 1024w, https:\/\/i1.wp.com\/ecoletravel.com\/wp-content\/uploads\/2018\/10\/Future.jpeg?resize=600%2C450 600w, https:\/\/i1.wp.com\/ecoletravel.com\/wp-content\/uploads\/2018\/10\/Future.jpeg?w=1280 1280w\" sizes=\"auto, (max-width: 300px) 100vw, 300px\" data-recalc-dims=\"1\" \/><\/p>\n<p class=\"nd_options_line_height_40_all_iphone \">El turismo ser\u00e1 sostenible o simplemente no estar\u00e1 en el futuro. So\u00f1amos y contribuiremos a un sector de turismo totalmente sostenible en Costa Rica, donde nuestros clientes puedan viajar sin dejar una huella ecol\u00f3gica.<\/p>\n<p>&nbsp;<\/p>\n<p class=\"nd_options_line_height_40_all_iphone \">Para lograr esto para nuestras propias operaciones, adquirimos un terreno de bosque primario y secundario que se usar\u00e1 solo con fines de conservaci\u00f3n. De esta manera, nuestro objetivo es alcanzar la Carbono Neutralidad y colaborar con la consecuci\u00f3n de los Objetivos de Desarrollo Sostenible, en un futuro pr\u00f3ximo.<\/p>\n<p>[\/vc_column_text][\/vc_column][\/vc_row]<\/p>\n","protected":false},"excerpt":{"rendered":"<p>[vc_row][vc_column width=\u00bb2\/3&#8243;][\/vc_column][\/vc_row][vc_row][vc_column width=\u00bb1\/3&#8243;][vc_single_image image=\u00bb1931&#8243; img_size=\u00bb500&#215;333&#8243; alignment=\u00bbright\u00bb css_animation=\u00bbfadeInLeft\u00bb][\/vc_column][vc_column width=\u00bb2\/3&#8243;][vc_column_text]Sostenibilidad ha sido una palabra clave en nuestras operaciones durante a\u00f1os. Estamos muy orgullosos de ser parte de una grande y creciente red de organizaciones que est\u00e1n conscientes del impacto que el turismo tiene en el medio ambiente y act\u00faan en consecuencia. &nbsp; Cada turista que visite Costa [&hellip;]<\/p>\n","protected":false},"author":1,"featured_media":0,"parent":0,"menu_order":0,"comment_status":"closed","ping_status":"closed","template":"","meta":{"spay_email":"","footnotes":""},"class_list":["post-1924","page","type-page","status-publish","hentry"],"_links":{"self":[{"href":"http:\/\/ecoletravel.com\/index.php\/wp-json\/wp\/v2\/pages\/1924\/?lang=es"}],"collection":[{"href":"http:\/\/ecoletravel.com\/index.php\/wp-json\/wp\/v2\/pages\/?lang=es"}],"about":[{"href":"http:\/\/ecoletravel.com\/index.php\/wp-json\/wp\/v2\/types\/page\/?lang=es"}],"author":[{"embeddable":true,"href":"http:\/\/ecoletravel.com\/index.php\/wp-json\/wp\/v2\/users\/1\/?lang=es"}],"replies":[{"embeddable":true,"href":"http:\/\/ecoletravel.com\/index.php\/wp-json\/wp\/v2\/comments\/?lang=es&post=1924"}],"version-history":[{"count":5,"href":"http:\/\/ecoletravel.com\/index.php\/wp-json\/wp\/v2\/pages\/1924\/revisions\/?lang=es"}],"predecessor-version":[{"id":2329,"href":"http:\/\/ecoletravel.com\/index.php\/wp-json\/wp\/v2\/pages\/1924\/revisions\/2329\/?lang=es"}],"wp:attachment":[{"href":"http:\/\/ecoletravel.com\/index.php\/wp-json\/wp\/v2\/media\/?lang=es&parent=1924"}],"curies":[{"name":"wp","href":"https:\/\/api.w.org\/{rel}","templated":true}]}}