{"id":1969,"date":"2019-03-04T14:10:57","date_gmt":"2019-03-04T14:10:57","guid":{"rendered":"http:\/\/ecoletravel.com\/?page_id=1969"},"modified":"2019-03-06T23:07:24","modified_gmt":"2019-03-06T23:07:24","slug":"cultura-organizacional","status":"publish","type":"page","link":"http:\/\/ecoletravel.com\/index.php\/cultura-organizacional\/?lang=es","title":{"rendered":"CULTURA ORGANIZACIONAL"},"content":{"rendered":"<p>[vc_row][vc_column] <h1 style=\"color:;padding:px;text-align:;font-size:px;line-height:px;letter-spacing: px;font-weight:\" class=\"    \">CULTURA ORGANIZACIONAL<\/h1> <div style=\"background-color:;height: 20px\" class=\"nicdark_section  \"><\/div> <h3 style=\"color:#a4a4a4;padding:px;text-align:;font-size:px;line-height:px;letter-spacing: px;font-weight:\" class=\"    \">SOSTENIBILIDAD<\/h3> <div style=\"background-color:;height: 20px\" class=\"nicdark_section  \"><\/div>\n    <div class=\"nd_options_section nd_options_line_height_0  nd_options_text_align_left \">\n        <span style=\"height:2px;width:80px;background-color:#f1f1f1\" class=\"nd_options_display_inline_block\"><\/span>\n    <\/div>\n   <div style=\"background-color:;height: 20px\" class=\"nicdark_section  \"><\/div>[\/vc_column][\/vc_row][vc_row css=\u00bb.vc_custom_1532730514032{margin-top: 20px !important;margin-bottom: 40px !important;}\u00bb el_id=\u00bbsubirsidebar2&#8243;][vc_column] <h3 style=\"color:;padding:px;text-align:;font-size:px;line-height:px;letter-spacing: px;font-weight:\" class=\"    \">SOSTENIBLE DESDE ADENTRO<\/h3> <div style=\"background-color:;height: 20px\" class=\"nicdark_section  \"><\/div>[vc_column_text]ECOLE TRAVEL est\u00e1 consciente de su responsabilidad hacia los empleados. Sabemos, que el turismo desempe\u00f1a un papel vital como sector l\u00edder dentro de la sociedad y econom\u00eda costarricense.[\/vc_column_text][vc_column_text]Hemos construido una cultura organizacional tipo \u00abfamilia de trabajo\u00bb, donde los colaboradores pueden desarrollarse profesionalmente al tiempo que cumplen sus sue\u00f1os y proyectos mientras mantienen el equilibrio en su vida familiar. \u00a1Una operaci\u00f3n exitosa comienza con un trabajador f\u00edsica, mental y emocionalmente saludable![\/vc_column_text]<div style=\"background-color:;height: 40px\" class=\"nicdark_section  \"><\/div> <h3 style=\"color:;padding:px;text-align:;font-size:px;line-height:px;letter-spacing: px;font-weight:\" class=\"    \">NUESTROS PROGRAMAS<\/h3> <div style=\"background-color:;height: 40px\" class=\"nicdark_section  \"><\/div>[vc_row_inner][vc_column_inner width=\u00bb1\/4&#8243;] <h3 style=\"color:#a4a4a4;padding:px;text-align:;font-size:px;line-height:px;letter-spacing: px;font-weight:\" class=\"    \"> Caravana Tica:<\/h3> <div style=\"background-color:;height: 20px\" class=\"nicdark_section  \"><\/div>[\/vc_column_inner][vc_column_inner width=\u00bb1\/2&#8243;][vc_column_text]Este es un programa original de Ecole Travel con el Grupo de Teatro La Polea, en el cual se llevan espect\u00e1culos art\u00edsticos y actividades recreativas de alto nivel a comunidades que tienen poco o ning\u00fan acceso a este tipo de entretenimiento. Las comunidades seleccionadas resultan ser las que reciben el mayor impacto de la huella generada por la operaci\u00f3n tur\u00edstica.[\/vc_column_text][\/vc_column_inner][vc_column_inner width=\u00bb1\/4&#8243;][vc_images_carousel images=\u00bb1569,1570,1698,1699&#8243; img_size=\u00bb300&#215;200&#8243; autoplay=\u00bbyes\u00bb wrap=\u00bbyes\u00bb][\/vc_column_inner][\/vc_row_inner][vc_row_inner][vc_column_inner]\n    <div class=\"nd_options_section nd_options_line_height_0  nd_options_text_align_center \">\n        <span style=\"height:2px;width:75%;background-color:#f1f1f1\" class=\"nd_options_display_inline_block\"><\/span>\n    <\/div>\n   <div style=\"background-color:;height: 40px\" class=\"nicdark_section  \"><\/div>[\/vc_column_inner][\/vc_row_inner][vc_row_inner][vc_column_inner width=\u00bb1\/4&#8243;] <h3 style=\"color:#a4a4a4;padding:px;text-align:;font-size:px;line-height:px;letter-spacing: px;font-weight:\" class=\"    \">Talleres Educativos:<\/h3> [\/vc_column_inner][vc_column_inner width=\u00bb1\/2&#8243;][vc_column_text]Con la organizaci\u00f3n de los talleres educativos, Ecole Travel pretende compartir su experiencia y conocimiento con peque\u00f1as iniciativas tur\u00edsticas en la zona rural de Costa Rica. Muchos de Esos negocios (a menudo familiares) tienen un gran potencial. Sin embargo, se les dificulta el acceso a la informaci\u00f3n correcta y al asesoramiento que necesitan para prosperar.<\/p>\n<p>Para llenar este vac\u00edo, un equipo multidisciplinario de Ecole Travel viaja dos veces al a\u00f1o a un destino en la zona rural para ofrecer conocimientos t\u00e9cnicos, pr\u00e1cticos y legales, que ayudan a las iniciativas rurales a funcionar con \u00e9xito en Costa Rica. Estos talleres se ofrecen de forma gratuita.[\/vc_column_text][\/vc_column_inner][vc_column_inner width=\u00bb1\/4&#8243;][vc_images_carousel images=\u00bb1576,1575,1701,1702&#8243; img_size=\u00bb300&#215;200&#8243; autoplay=\u00bbyes\u00bb][\/vc_column_inner][\/vc_row_inner][vc_row_inner][vc_column_inner]\n    <div class=\"nd_options_section nd_options_line_height_0  nd_options_text_align_center \">\n        <span style=\"height:2px;width:75%;background-color:#f1f1f1\" class=\"nd_options_display_inline_block\"><\/span>\n    <\/div>\n   <div style=\"background-color:;height: 40px\" class=\"nicdark_section  \"><\/div>[\/vc_column_inner][\/vc_row_inner][vc_row_inner][vc_column_inner width=\u00bb1\/4&#8243;] <h3 style=\"color:#a4a4a4;padding:px;text-align:;font-size:px;line-height:px;letter-spacing: px;font-weight:\" class=\"    \">Mes de la Salud:<\/h3> [\/vc_column_inner][vc_column_inner width=\u00bb1\/2&#8243;][vc_column_text]La clave para servir a nuestros clientes con la calidez y consideraci\u00f3n que queremos ofrecer, es tener socios equilibrados f\u00edsica y emocionalmente, por lo que durante un mes completo cada a\u00f1o, hemos creado una campa\u00f1a que tiene como objetivo ofrecer actividades que promuevan el bienestar del personal de Ecole. A trav\u00e9s de clases de yoga, de baile, charlas sobre alimentaci\u00f3n saludable, bienestar emocional, sesiones de masaje, ex\u00e1menes m\u00e9dicos de rutina y otros, cargamos nuestro cuerpo con energ\u00edas positivas para enfrentar los desaf\u00edos de la vida diaria con entusiasmo.[\/vc_column_text][\/vc_column_inner][vc_column_inner width=\u00bb1\/4&#8243;][vc_images_carousel images=\u00bb1578,1577,1704,1705&#8243; img_size=\u00bb300&#215;200&#8243; autoplay=\u00bbyes\u00bb][\/vc_column_inner][\/vc_row_inner][vc_row_inner][vc_column_inner]\n    <div class=\"nd_options_section nd_options_line_height_0  nd_options_text_align_center \">\n        <span style=\"height:2px;width:75%;background-color:#f1f1f1\" class=\"nd_options_display_inline_block\"><\/span>\n    <\/div>\n   <div style=\"background-color:;height: 40px\" class=\"nicdark_section  \"><\/div>[\/vc_column_inner][\/vc_row_inner][vc_row_inner][vc_column_inner width=\u00bb1\/4&#8243;] <h3 style=\"color:#a4a4a4;padding:px;text-align:;font-size:px;line-height:px;letter-spacing: px;font-weight:\" class=\"    \">Experiencias Compartidas:<\/h3> [\/vc_column_inner][vc_column_inner width=\u00bb1\/2&#8243;][vc_column_text]Este es un programa de intercambios interculturales donde nuestros colaboradores tienen la oportunidad de viajar a otros pa\u00edses para enriquecer sus conocimientos t\u00e9cnicos, as\u00ed como para experimentar la riqueza de otras culturas diferentes a las suyas. Buscamos as\u00ed abrir la mente y ampliar la perspectiva que cada uno tiene sobre su existencia y sobre el mundo.[\/vc_column_text][\/vc_column_inner][vc_column_inner width=\u00bb1\/4&#8243;][vc_images_carousel images=\u00bb1579,1693,1695,1696&#8243; img_size=\u00bb300&#215;200&#8243; autoplay=\u00bbyes\u00bb][\/vc_column_inner][\/vc_row_inner][vc_row_inner][vc_column_inner]\n    <div class=\"nd_options_section nd_options_line_height_0  nd_options_text_align_center \">\n        <span style=\"height:2px;width:75%;background-color:#f1f1f1\" class=\"nd_options_display_inline_block\"><\/span>\n    <\/div>\n   <div style=\"background-color:;height: 40px\" class=\"nicdark_section  \"><\/div>[\/vc_column_inner][\/vc_row_inner][vc_row_inner][vc_column_inner width=\u00bb1\/4&#8243;] <h3 style=\"color:#a4a4a4;padding:px;text-align:;font-size:px;line-height:px;letter-spacing: px;font-weight:\" class=\"    \">Capacitaci\u00f3n Interna:<\/h3> [\/vc_column_inner][vc_column_inner width=\u00bb1\/2&#8243;][vc_column_text]Nuestro programa de capacitaci\u00f3n considera la importancia de ofrecer herramientas de desarrollo personal a todo el equipo a trav\u00e9s de la experiencia, incluyendo capacitaciones opcionales en LESCO (Lenguaje en Se\u00f1as Costarricense), cursos de idiomas y otros temas alternativos para la sensibilidad socio ambiental y el crecimiento personal.[\/vc_column_text][\/vc_column_inner][vc_column_inner width=\u00bb1\/4&#8243;][vc_images_carousel images=\u00bb1648,1647,1649,1650&#8243; img_size=\u00bb300&#215;200&#8243; autoplay=\u00bbyes\u00bb][\/vc_column_inner][\/vc_row_inner][vc_row_inner][vc_column_inner]\n    <div class=\"nd_options_section nd_options_line_height_0  nd_options_text_align_center \">\n        <span style=\"height:2px;width:75%;background-color:#f1f1f1\" class=\"nd_options_display_inline_block\"><\/span>\n    <\/div>\n   <div style=\"background-color:;height: 40px\" class=\"nicdark_section  \"><\/div>[\/vc_column_inner][\/vc_row_inner][vc_row_inner][vc_column_inner width=\u00bb1\/4&#8243;] <h3 style=\"color:#a4a4a4;padding:px;text-align:;font-size:px;line-height:px;letter-spacing: px;font-weight:\" class=\"    \">Programa de Voluntariado:<\/h3> [\/vc_column_inner][vc_column_inner width=\u00bb1\/2&#8243;][vc_column_text]Alentamos a los colaboradores y sus familias a participar en campa\u00f1as socio ambientales como: reciclaje, programas de reforestaci\u00f3n; limpieza de playas, r\u00edos y bosques; recaudaci\u00f3n de fondos para la educaci\u00f3n de ni\u00f1os en vulnerabilidad social, trabajo de campo en reparaciones de escuelas y otros programas de bienestar social.[\/vc_column_text][\/vc_column_inner][vc_column_inner width=\u00bb1\/4&#8243;][vc_images_carousel images=\u00bb1651,1652,1653,1654,1655,1656,1658,1657&#8243; img_size=\u00bb300&#215;200&#8243; autoplay=\u00bbyes\u00bb][\/vc_column_inner][\/vc_row_inner][vc_row_inner][vc_column_inner]\n    <div class=\"nd_options_section nd_options_line_height_0  nd_options_text_align_center \">\n        <span style=\"height:2px;width:75%;background-color:#f1f1f1\" class=\"nd_options_display_inline_block\"><\/span>\n    <\/div>\n   <div style=\"background-color:;height: 40px\" class=\"nicdark_section  \"><\/div>[\/vc_column_inner][\/vc_row_inner][\/vc_column][\/vc_row]<\/p>\n","protected":false},"excerpt":{"rendered":"<p>[vc_row][vc_column][\/vc_column][\/vc_row][vc_row css=\u00bb.vc_custom_1532730514032{margin-top: 20px !important;margin-bottom: 40px !important;}\u00bb el_id=\u00bbsubirsidebar2&#8243;][vc_column][vc_column_text]ECOLE TRAVEL est\u00e1 consciente de su responsabilidad hacia los empleados. Sabemos, que el turismo desempe\u00f1a un papel vital como sector l\u00edder dentro de la sociedad y econom\u00eda costarricense.[\/vc_column_text][vc_column_text]Hemos construido una cultura organizacional tipo \u00abfamilia de trabajo\u00bb, donde los colaboradores pueden desarrollarse profesionalmente al tiempo que cumplen sus sue\u00f1os y [&hellip;]<\/p>\n","protected":false},"author":1,"featured_media":0,"parent":0,"menu_order":0,"comment_status":"closed","ping_status":"closed","template":"","meta":{"spay_email":"","footnotes":""},"class_list":["post-1969","page","type-page","status-publish","hentry"],"_links":{"self":[{"href":"http:\/\/ecoletravel.com\/index.php\/wp-json\/wp\/v2\/pages\/1969\/?lang=es"}],"collection":[{"href":"http:\/\/ecoletravel.com\/index.php\/wp-json\/wp\/v2\/pages\/?lang=es"}],"about":[{"href":"http:\/\/ecoletravel.com\/index.php\/wp-json\/wp\/v2\/types\/page\/?lang=es"}],"author":[{"embeddable":true,"href":"http:\/\/ecoletravel.com\/index.php\/wp-json\/wp\/v2\/users\/1\/?lang=es"}],"replies":[{"embeddable":true,"href":"http:\/\/ecoletravel.com\/index.php\/wp-json\/wp\/v2\/comments\/?lang=es&post=1969"}],"version-history":[{"count":1,"href":"http:\/\/ecoletravel.com\/index.php\/wp-json\/wp\/v2\/pages\/1969\/revisions\/?lang=es"}],"predecessor-version":[{"id":1970,"href":"http:\/\/ecoletravel.com\/index.php\/wp-json\/wp\/v2\/pages\/1969\/revisions\/1970\/?lang=es"}],"wp:attachment":[{"href":"http:\/\/ecoletravel.com\/index.php\/wp-json\/wp\/v2\/media\/?lang=es&parent=1969"}],"curies":[{"name":"wp","href":"https:\/\/api.w.org\/{rel}","templated":true}]}}