{"id":1971,"date":"2019-03-04T14:19:06","date_gmt":"2019-03-04T14:19:06","guid":{"rendered":"http:\/\/ecoletravel.com\/?page_id=1971"},"modified":"2022-08-29T16:51:59","modified_gmt":"2022-08-29T16:51:59","slug":"todo-acerca-del-cst","status":"publish","type":"page","link":"http:\/\/ecoletravel.com\/index.php\/todo-acerca-del-cst\/?lang=es","title":{"rendered":"TODO ACERCA DEL CST"},"content":{"rendered":"<p>[vc_row][vc_column] <h1 style=\"color:;padding:px;text-align:;font-size:px;line-height:px;letter-spacing: px;font-weight:\" class=\"    \">TODO ACERCA DEL CST<\/h1> <div style=\"background-color:;height: 20px\" class=\"nicdark_section  \"><\/div> <h3 style=\"color:#a4a4a4;padding:px;text-align:;font-size:px;line-height:px;letter-spacing: px;font-weight:\" class=\"    \">SOSTENIBILIDAD <\/h3> <div style=\"background-color:;height: 20px\" class=\"nicdark_section  \"><\/div>\n    <div class=\"nd_options_section nd_options_line_height_0  nd_options_text_align_left \">\n        <span style=\"height:2px;width:80px;background-color:#f1f1f1\" class=\"nd_options_display_inline_block\"><\/span>\n    <\/div>\n   <div style=\"background-color:;height: 20px\" class=\"nicdark_section  \"><\/div>[\/vc_column][\/vc_row][vc_row css=\u00bb.vc_custom_1532703171832{margin-top: 20px !important;margin-bottom: 40px !important;}\u00bb el_id=\u00bbsubirsidebar2&#8243;][vc_column width=\u00bb2\/3&#8243;][vc_column_text]<img loading=\"lazy\" decoding=\"async\" class=\"size-full wp-image-1117 alignleft\" src=\"https:\/\/i2.wp.com\/ecoletravel.com\/wp-content\/uploads\/2018\/07\/2-CST.jpg?resize=200%2C150\" alt=\"\" width=\"200\" height=\"150\" data-recalc-dims=\"1\" \/>El est\u00e1ndar CST es una herramienta t\u00e9cnica, cuyo objetivo es fortalecer la actividad tur\u00edstica sostenible en Costa Rica.<\/p>\n<p>&nbsp;<\/p>\n<p>Es un reconocimiento a la excelente gesti\u00f3n de las empresas y organizaciones que trabajan para mitigar los impactos de su operaci\u00f3n. La certificaci\u00f3n potencia el fortalecimiento de la labor social, cultural, ambiental, econ\u00f3mica y desarrollo en los destinos tur\u00edsticos.<\/p>\n<p>&nbsp;<\/p>\n<p>El prop\u00f3sito fundamental del CST es precisamente convertir el concepto de sostenibilidad en algo real, pr\u00e1ctico y necesario en el contexto de la competitividad tur\u00edstica del pa\u00eds, para mejorar la forma en que se utilizan los recursos naturales y sociales, fomenta la participaci\u00f3n con actividades en las comunidades y brinda un nuevo apoyo a la competitividad del sector empresarial.<\/p>\n<p>&nbsp;<\/p>\n<p>Para medir el compromiso de la empresa con la sostenibilidad, existen niveles: Nivel B\u00e1sico y Nivel \u00c9lite. Obtener el Nivel \u00c9lite significa que la empresa es considerada como ejemplar en t\u00e9rminos de sostenibilidad y que sus buenas pr\u00e1cticas van m\u00e1s all\u00e1 de los compromisos obligatorios.<\/p>\n<p>&nbsp;<\/p>\n<p>Para m\u00e1s informaci\u00f3n sobre el CST: <a href=\"https:\/\/www.turismo-sostenible.co.cr\/\">https:\/\/www.turismo-sostenible.co.cr\/<\/a>[\/vc_column_text]<div style=\"background-color:;height: 40px\" class=\"nicdark_section  \"><\/div>[\/vc_column][vc_column width=\u00bb1\/3&#8243; css=\u00bb.vc_custom_1486115020030{padding-right: 30px !important;padding-left: 30px !important;}\u00bb][vc_row_inner css=\u00bb.vc_custom_1532198137072{margin-top: 35px !important;background-image: url(http:\/\/ecoletravel.com\/wp-content\/uploads\/2018\/07\/tour-puentes.jpg?id=1175) !important;background-position: center !important;background-repeat: no-repeat !important;background-size: cover !important;}\u00bb][vc_column_inner css=\u00bb.vc_custom_1502963078281{padding-top: 82px !important;padding-right: 30px !important;padding-bottom: 82px !important;padding-left: 30px !important;background-color: rgba(114,116,117,0.29) !important;*background-color: rgb(114,116,117) !important;}\u00bb][vc_column_text]<\/p>\n<h6 class=\" nd_options_second_font \" style=\"text-align: center; margin-bottom: 10px;\"><a href=\"http:\/\/ecoletravel.com\/index.php\/testimonios\/?lang=es\"><span style=\"color: #ffffff;\">QUE DICEN NUESTROS CLIENTES<\/span><\/a><\/h6>\n<div class=\"nicdark_section\" style=\"text-align: center;\"><\/div>\n<h2 class=\" nd_options_first_font \" style=\"text-align: center;\"><a href=\"http:\/\/ecoletravel.com\/index.php\/testimonios\/?lang=es\"><span style=\"color: #ffffff;\">Testimonios<\/span><\/a><\/h2>\n<p>[\/vc_column_text][\/vc_column_inner][\/vc_row_inner]<div style=\"background-color:;height: 20px\" class=\"nicdark_section  \"><\/div>[vc_row_inner css=\u00bb.vc_custom_1541098228288{margin-top: 35px !important;background-image: url(http:\/\/ecoletravel.com\/wp-content\/uploads\/2018\/08\/P3_posttour-5609-M.jpg?id=1458) !important;background-position: center !important;background-repeat: no-repeat !important;background-size: cover !important;}\u00bb][vc_column_inner css=\u00bb.vc_custom_1502963078281{padding-top: 82px !important;padding-right: 30px !important;padding-bottom: 82px !important;padding-left: 30px !important;background-color: rgba(114,116,117,0.29) !important;*background-color: rgb(114,116,117) !important;}\u00bb][vc_column_text]<\/p>\n<h6 class=\" nd_options_second_font \" style=\"text-align: center; margin-bottom: 10px;\"><a href=\"ecoletravel.com\/index.php\/top-destinations\/\"><span style=\"color: #ffffff;\">DESTINOS PRINCIPALES<\/span><\/a><\/h6>\n<div class=\"nicdark_section\" style=\"text-align: center;\"><\/div>\n<h2 class=\" nd_options_first_font \" style=\"text-align: center;\"><a href=\"ecoletravel.com\/index.php\/top-destinations\/\"><span style=\"color: #ffffff;\">Lo mejor de Costa Rica<\/span><\/a><\/h2>\n<p>[\/vc_column_text][\/vc_column_inner][\/vc_row_inner]<div style=\"background-color:;height: 20px\" class=\"nicdark_section  \"><\/div>[vc_row_inner css=\u00bb.vc_custom_1541098314409{margin-top: 40px !important;background-image: url(http:\/\/ecoletravel.com\/wp-content\/uploads\/2018\/08\/monkey.jpg?id=1459) !important;background-position: center !important;background-repeat: no-repeat !important;background-size: cover !important;}\u00bb el_id=\u00bbvelo\u00bb][vc_column_inner]<div style=\"background-color:;height: 25px\" class=\"nicdark_section  \"><\/div> <h5 style=\"color:#ffffff;padding:px;text-align:center;font-size:px;line-height:px;letter-spacing: px;font-weight:normal\" class=\"   nd_options_first_font \">HERMOSA TEMPORADA COSTA RICA<\/h5> <div style=\"background-color:;height: 10px\" class=\"nicdark_section  \"><\/div>\n    <div class=\"nd_options_section nd_options_line_height_0  nd_options_text_align_center \">\n        <span style=\"height:2px;width:30px;background-color:#ffffff\" class=\"nd_options_display_inline_block\"><\/span>\n    <\/div>\n   <div style=\"background-color:;height: 10px\" class=\"nicdark_section  \"><\/div> <h2 style=\"color:#ffffff;padding:px;text-align:center;font-size:px;line-height:px;letter-spacing: px;font-weight:normal\" class=\"    \">DISE\u00d1E SU PROPIA EXPERIENCIA<\/h2> <div style=\"background-color:;height: 20px\" class=\"nicdark_section  \"><\/div>\n\t<div class=\"nd_options_section nd_options_text_align_center\">\n\t<a style=\"border: px solid;border-radius:px;letter-spacing:px;line-height:17px;font-size:17px;background-color:#14b9d5;padding:10px 20px;margin:;color:#ffffff\" rel=\"\" href=\"http:\/\/ecoletravel.com\/index.php\/designed-tours\/\" class=\"nicdark_display_inline_block  nd_options_font_weight_normal   \">Solicitud Excursi\u00f3n Personalizada<\/a>\n\t<\/div>\n<div style=\"background-color:;height: 20px\" class=\"nicdark_section  \"><\/div><div style=\"background-color:;height: 20px\" class=\"nicdark_section  \"><\/div>[\/vc_column_inner][\/vc_row_inner][\/vc_column][\/vc_row]<\/p>\n","protected":false},"excerpt":{"rendered":"<p>[vc_row][vc_column][\/vc_column][\/vc_row][vc_row css=\u00bb.vc_custom_1532703171832{margin-top: 20px !important;margin-bottom: 40px !important;}\u00bb el_id=\u00bbsubirsidebar2&#8243;][vc_column width=\u00bb2\/3&#8243;][vc_column_text]El est\u00e1ndar CST es una herramienta t\u00e9cnica, cuyo objetivo es fortalecer la actividad tur\u00edstica sostenible en Costa Rica. &nbsp; Es un reconocimiento a la excelente gesti\u00f3n de las empresas y organizaciones que trabajan para mitigar los impactos de su operaci\u00f3n. La certificaci\u00f3n potencia el fortalecimiento de la labor [&hellip;]<\/p>\n","protected":false},"author":1,"featured_media":0,"parent":0,"menu_order":0,"comment_status":"closed","ping_status":"closed","template":"","meta":{"spay_email":"","footnotes":""},"class_list":["post-1971","page","type-page","status-publish","hentry"],"_links":{"self":[{"href":"http:\/\/ecoletravel.com\/index.php\/wp-json\/wp\/v2\/pages\/1971\/?lang=es"}],"collection":[{"href":"http:\/\/ecoletravel.com\/index.php\/wp-json\/wp\/v2\/pages\/?lang=es"}],"about":[{"href":"http:\/\/ecoletravel.com\/index.php\/wp-json\/wp\/v2\/types\/page\/?lang=es"}],"author":[{"embeddable":true,"href":"http:\/\/ecoletravel.com\/index.php\/wp-json\/wp\/v2\/users\/1\/?lang=es"}],"replies":[{"embeddable":true,"href":"http:\/\/ecoletravel.com\/index.php\/wp-json\/wp\/v2\/comments\/?lang=es&post=1971"}],"version-history":[{"count":7,"href":"http:\/\/ecoletravel.com\/index.php\/wp-json\/wp\/v2\/pages\/1971\/revisions\/?lang=es"}],"predecessor-version":[{"id":2662,"href":"http:\/\/ecoletravel.com\/index.php\/wp-json\/wp\/v2\/pages\/1971\/revisions\/2662\/?lang=es"}],"wp:attachment":[{"href":"http:\/\/ecoletravel.com\/index.php\/wp-json\/wp\/v2\/media\/?lang=es&parent=1971"}],"curies":[{"name":"wp","href":"https:\/\/api.w.org\/{rel}","templated":true}]}}