{"id":1973,"date":"2019-03-04T14:36:10","date_gmt":"2019-03-04T14:36:10","guid":{"rendered":"http:\/\/ecoletravel.com\/?page_id=1973"},"modified":"2019-04-03T21:03:06","modified_gmt":"2019-04-03T21:03:06","slug":"informacion-general","status":"publish","type":"page","link":"http:\/\/ecoletravel.com\/index.php\/informacion-general\/?lang=es","title":{"rendered":"INFORMACI\u00d3N GENERAL"},"content":{"rendered":"<p>[vc_row][vc_column] <h1 style=\"color:;padding:px;text-align:;font-size:px;line-height:px;letter-spacing: px;font-weight:\" class=\"    \">INFORMACI\u00d3N GENERAL<\/h1> <div style=\"background-color:;height: 20px\" class=\"nicdark_section  \"><\/div> <h3 style=\"color:#a4a4a4;padding:px;text-align:;font-size:px;line-height:px;letter-spacing: px;font-weight:\" class=\"    \">COSTA RICA<\/h3> <div style=\"background-color:;height: 20px\" class=\"nicdark_section  \"><\/div>\n    <div class=\"nd_options_section nd_options_line_height_0  nd_options_text_align_left \">\n        <span style=\"height:2px;width:80px;background-color:#f1f1f1\" class=\"nd_options_display_inline_block\"><\/span>\n    <\/div>\n   <div style=\"background-color:;height: 20px\" class=\"nicdark_section  \"><\/div>[\/vc_column][\/vc_row][vc_row css=\u00bb.vc_custom_1533509015648{margin-top: 20px !important;margin-bottom: 40px !important;}\u00bb el_id=\u00bbsubirsidebar\u00bb][vc_column width=\u00bb2\/3&#8243;][vc_column_text]Costa Rica es simplemente un destino fant\u00e1stico para viajar y vacacionar. Posee una enorme biodiversidad dentro de sus variados ecosistemas. Situada entre Nicaragua (al norte) y Panam\u00e1 (al sur) tiene una superficie peque\u00f1a, lo que hace que las distancias de viaje sean cortas. La abundancia de la naturaleza y la facilidad para observar la vida silvestre lo convierten en un destino muy popular.[\/vc_column_text]<div style=\"background-color:;height: 40px\" class=\"nicdark_section  \"><\/div> <h3 style=\"color:;padding:px;text-align:;font-size:px;line-height:px;letter-spacing: px;font-weight:normal\" class=\"  nd_options_line_height_40_all_iphone  \">ALGUNOS HECHOS INTERESANTES SOBRE COSTA RICA<\/h3> <div style=\"background-color:;height: 20px\" class=\"nicdark_section  \"><\/div>\n    <div class=\"nd_options_section nd_options_line_height_0  nd_options_text_align_left \">\n        <span style=\"height:2px;width:30px;background-color:#f1f1f1\" class=\"nd_options_display_inline_block\"><\/span>\n    <\/div>\n   <div style=\"background-color:;height: 30px\" class=\"nicdark_section  \"><\/div>\n\n    <div class=\"nd_options_section nd_options_toogles_faq \">\n\n      <div class=\"nd_options_section nd_options_box_sizing_border_box\">\n        <p class=\"nd_options_toogle_title nd_options_first_font nd_options_font_size_17 nd_options_position_relative nd_options_padding_right_20 nd_options_padding_top_5 nd_options_padding_left_45 nd_options_padding_bottom_5\">\n          <span style=\"background-color:#276694\" class=\"nd_options_cursor_pointer nd_options_text_align_center nd_options_toogle_title_open_187 nd_options_width_25 nd_options_height_25  nd_options_position_absolute nd_options_top_0 nd_options_left_0\">\n            <img decoding=\"async\" alt=\"\" class=\"nd_options_margin_top_6\" src=\"https:\/\/i2.wp.com\/ecoletravel.com\/wp-content\/plugins\/nd-shortcodes\/shortcodes\/custom\/toogle\/icon-add-white.png?w=12\" data-recalc-dims=\"1\">\n          <\/span> \n          <span style=\"background-color:#276694\" class=\"nd_options_cursor_pointer nd_options_text_align_center nd_options_toogle_title_close_187 nd_options_width_25 nd_options_display_none nd_options_height_25  nd_options_position_absolute nd_options_top_0 nd_options_left_0\">\n            <img decoding=\"async\" alt=\"\" class=\"nd_options_margin_top_6\" src=\"https:\/\/i0.wp.com\/ecoletravel.com\/wp-content\/plugins\/nd-shortcodes\/shortcodes\/custom\/toogle\/icon-less-white.png?w=12\" data-recalc-dims=\"1\">\n          <\/span>\n          Algunos Elementos Pol\u00edticos\n        <\/p>\n      <\/div>\n      \n      <div class=\"nd_options_display_none nd_options_padding_20 nd_options_padding_left_45 nd_options_toogle_content_187 nd_options_section nd_options_box_sizing_border_box\">\n        <p>Costa Rica es un pa\u00eds pac\u00edfico, cuya \u00faltima guerra civil fue en 1948. Un a\u00f1o despu\u00e9s, el ej\u00e9rcito fue abolido. En 1986, el presidente Oscar Arias recibi\u00f3 el Premio Nobel de la Paz por su participaci\u00f3n para poner t\u00e9rmino a las guerras civiles en Am\u00e9rica Central. Otro hecho interesante es que Costa Rica jug\u00f3 un papel vital en la realizaci\u00f3n del Tratado de Par\u00eds sobre el Cambio Clim\u00e1tico (2016). Cristina Figueres negoci\u00f3 el acuerdo entre los pa\u00edses del mundo.<\/p>\n      <\/div>\n\n    <\/div>\n\n   <div style=\"background-color:;height: 20px\" class=\"nicdark_section  \"><\/div>\n\n    <div class=\"nd_options_section nd_options_toogles_faq \">\n\n      <div class=\"nd_options_section nd_options_box_sizing_border_box\">\n        <p class=\"nd_options_toogle_title nd_options_first_font nd_options_font_size_17 nd_options_position_relative nd_options_padding_right_20 nd_options_padding_top_5 nd_options_padding_left_45 nd_options_padding_bottom_5\">\n          <span style=\"background-color:#27bad4\" class=\"nd_options_cursor_pointer nd_options_text_align_center nd_options_toogle_title_open_823 nd_options_width_25 nd_options_height_25  nd_options_position_absolute nd_options_top_0 nd_options_left_0\">\n            <img decoding=\"async\" alt=\"\" class=\"nd_options_margin_top_6\" src=\"https:\/\/i2.wp.com\/ecoletravel.com\/wp-content\/plugins\/nd-shortcodes\/shortcodes\/custom\/toogle\/icon-add-white.png?w=12\" data-recalc-dims=\"1\">\n          <\/span> \n          <span style=\"background-color:#27bad4\" class=\"nd_options_cursor_pointer nd_options_text_align_center nd_options_toogle_title_close_823 nd_options_width_25 nd_options_display_none nd_options_height_25  nd_options_position_absolute nd_options_top_0 nd_options_left_0\">\n            <img decoding=\"async\" alt=\"\" class=\"nd_options_margin_top_6\" src=\"https:\/\/i0.wp.com\/ecoletravel.com\/wp-content\/plugins\/nd-shortcodes\/shortcodes\/custom\/toogle\/icon-less-white.png?w=12\" data-recalc-dims=\"1\">\n          <\/span>\n          Protecci\u00f3n de la Naturaleza\n        <\/p>\n      <\/div>\n      \n      <div class=\"nd_options_display_none nd_options_padding_20 nd_options_padding_left_45 nd_options_toogle_content_823 nd_options_section nd_options_box_sizing_border_box\">\n        <p>Costa Rica tiene un extenso sistema de protecci\u00f3n de la naturaleza que abarca desde Parques Nacionales hasta Refugios de Vida Silvestre y Corredores Biol\u00f3gicos. Alrededor del 40% de la superficie del pa\u00eds est\u00e1 protegida. Los m\u00e1s reconocidos son los Parques Nacionales abiertos al ecoturismo. Los lugares m\u00e1s visitados son: Tortuguero, Arenal y Manuel Antonio.<\/p>\n      <\/div>\n\n    <\/div>\n\n   <div style=\"background-color:;height: 20px\" class=\"nicdark_section  \"><\/div>\n\n    <div class=\"nd_options_section nd_options_toogles_faq \">\n\n      <div class=\"nd_options_section nd_options_box_sizing_border_box\">\n        <p class=\"nd_options_toogle_title nd_options_first_font nd_options_font_size_17 nd_options_position_relative nd_options_padding_right_20 nd_options_padding_top_5 nd_options_padding_left_45 nd_options_padding_bottom_5\">\n          <span style=\"background-color:#35724a\" class=\"nd_options_cursor_pointer nd_options_text_align_center nd_options_toogle_title_open_835 nd_options_width_25 nd_options_height_25  nd_options_position_absolute nd_options_top_0 nd_options_left_0\">\n            <img decoding=\"async\" alt=\"\" class=\"nd_options_margin_top_6\" src=\"https:\/\/i2.wp.com\/ecoletravel.com\/wp-content\/plugins\/nd-shortcodes\/shortcodes\/custom\/toogle\/icon-add-white.png?w=12\" data-recalc-dims=\"1\">\n          <\/span> \n          <span style=\"background-color:#35724a\" class=\"nd_options_cursor_pointer nd_options_text_align_center nd_options_toogle_title_close_835 nd_options_width_25 nd_options_display_none nd_options_height_25  nd_options_position_absolute nd_options_top_0 nd_options_left_0\">\n            <img decoding=\"async\" alt=\"\" class=\"nd_options_margin_top_6\" src=\"https:\/\/i0.wp.com\/ecoletravel.com\/wp-content\/plugins\/nd-shortcodes\/shortcodes\/custom\/toogle\/icon-less-white.png?w=12\" data-recalc-dims=\"1\">\n          <\/span>\n          Sistema de Salud\n        <\/p>\n      <\/div>\n      \n      <div class=\"nd_options_display_none nd_options_padding_20 nd_options_padding_left_45 nd_options_toogle_content_835 nd_options_section nd_options_box_sizing_border_box\">\n        <p>Costa Rica cuenta con un sistema privado de salud de primera clase. Los visitantes que desafortunadamente necesitan asistencia m\u00e9dica durante sus vacaciones alaban la calidad de la atenci\u00f3n m\u00e9dica en el pa\u00eds.<\/p>\n      <\/div>\n\n    <\/div>\n\n   <div style=\"background-color:;height: 20px\" class=\"nicdark_section  \"><\/div>\n\n    <div class=\"nd_options_section nd_options_toogles_faq \">\n\n      <div class=\"nd_options_section nd_options_box_sizing_border_box\">\n        <p class=\"nd_options_toogle_title nd_options_first_font nd_options_font_size_17 nd_options_position_relative nd_options_padding_right_20 nd_options_padding_top_5 nd_options_padding_left_45 nd_options_padding_bottom_5\">\n          <span style=\"background-color:#70a534\" class=\"nd_options_cursor_pointer nd_options_text_align_center nd_options_toogle_title_open_737 nd_options_width_25 nd_options_height_25  nd_options_position_absolute nd_options_top_0 nd_options_left_0\">\n            <img decoding=\"async\" alt=\"\" class=\"nd_options_margin_top_6\" src=\"https:\/\/i2.wp.com\/ecoletravel.com\/wp-content\/plugins\/nd-shortcodes\/shortcodes\/custom\/toogle\/icon-add-white.png?w=12\" data-recalc-dims=\"1\">\n          <\/span> \n          <span style=\"background-color:#70a534\" class=\"nd_options_cursor_pointer nd_options_text_align_center nd_options_toogle_title_close_737 nd_options_width_25 nd_options_display_none nd_options_height_25  nd_options_position_absolute nd_options_top_0 nd_options_left_0\">\n            <img decoding=\"async\" alt=\"\" class=\"nd_options_margin_top_6\" src=\"https:\/\/i0.wp.com\/ecoletravel.com\/wp-content\/plugins\/nd-shortcodes\/shortcodes\/custom\/toogle\/icon-less-white.png?w=12\" data-recalc-dims=\"1\">\n          <\/span>\n          Infraestructura\n        <\/p>\n      <\/div>\n      \n      <div class=\"nd_options_display_none nd_options_padding_20 nd_options_padding_left_45 nd_options_toogle_content_737 nd_options_section nd_options_box_sizing_border_box\">\n        <p>Las nuevas carreteras y las mejoras de las antiguas en los \u00faltimos a\u00f1os han hecho que la vida del visitante que alquila un auto en Costa Rica sea mucho m\u00e1s f\u00e1cil.<\/p>\n      <\/div>\n\n    <\/div>\n\n   <div style=\"background-color:;height: 20px\" class=\"nicdark_section  \"><\/div>\n\n    <div class=\"nd_options_section nd_options_toogles_faq \">\n\n      <div class=\"nd_options_section nd_options_box_sizing_border_box\">\n        <p class=\"nd_options_toogle_title nd_options_first_font nd_options_font_size_17 nd_options_position_relative nd_options_padding_right_20 nd_options_padding_top_5 nd_options_padding_left_45 nd_options_padding_bottom_5\">\n          <span style=\"background-color:#f1de0f\" class=\"nd_options_cursor_pointer nd_options_text_align_center nd_options_toogle_title_open_514 nd_options_width_25 nd_options_height_25  nd_options_position_absolute nd_options_top_0 nd_options_left_0\">\n            <img decoding=\"async\" alt=\"\" class=\"nd_options_margin_top_6\" src=\"https:\/\/i2.wp.com\/ecoletravel.com\/wp-content\/plugins\/nd-shortcodes\/shortcodes\/custom\/toogle\/icon-add-white.png?w=12\" data-recalc-dims=\"1\">\n          <\/span> \n          <span style=\"background-color:#f1de0f\" class=\"nd_options_cursor_pointer nd_options_text_align_center nd_options_toogle_title_close_514 nd_options_width_25 nd_options_display_none nd_options_height_25  nd_options_position_absolute nd_options_top_0 nd_options_left_0\">\n            <img decoding=\"async\" alt=\"\" class=\"nd_options_margin_top_6\" src=\"https:\/\/i0.wp.com\/ecoletravel.com\/wp-content\/plugins\/nd-shortcodes\/shortcodes\/custom\/toogle\/icon-less-white.png?w=12\" data-recalc-dims=\"1\">\n          <\/span>\n          Vuelos Directos a Europa\n        <\/p>\n      <\/div>\n      \n      <div class=\"nd_options_display_none nd_options_padding_20 nd_options_padding_left_45 nd_options_toogle_content_514 nd_options_section nd_options_box_sizing_border_box\">\n        <p>Son siete l\u00edneas a\u00e9reas las que ofrecen vuelos directos a Costa Rica desde Europa: Lufthansa y Condor (Alemania), Air France (Francia), Swiss Air (Suiza), KLM (Holanda) British Airways (Reino Unido) e Iberia (Espa\u00f1a).<\/p>\n      <\/div>\n\n    <\/div>\n\n   <div style=\"background-color:;height: 50px\" class=\"nicdark_section  \"><\/div>[\/vc_column][vc_column width=\u00bb1\/3&#8243; css=\u00bb.vc_custom_1486115020030{padding-right: 30px !important;padding-left: 30px !important;}\u00bb]<div style=\"background-color:;height: 20px\" class=\"nicdark_section  \"><\/div>[vc_row_inner el_id=\u00bbgetintouchform\u00bb][vc_column_inner css=\u00bb.vc_custom_1523893115876{padding-top: 30px !important;padding-right: 30px !important;padding-bottom: 15px !important;padding-left: 30px !important;background-color: #434a54 !important;}\u00bb] <h2 style=\"color:#ffffff;padding:px;text-align:center;font-size:25px;line-height:25px;letter-spacing: px;font-weight:normal\" class=\"   nd_options_first_font \">P\u00f3ngase en Contacto <\/h2> <div style=\"background-color:;height: 20px\" class=\"nicdark_section  \"><\/div>\n    <div class=\"nd_options_section nd_options_line_height_0  nd_options_text_align_center \">\n        <span style=\"height:2px;width:30px;background-color:#f1f1f1\" class=\"nd_options_display_inline_block\"><\/span>\n    <\/div>\n   <div style=\"background-color:;height: 20px\" class=\"nicdark_section  \"><\/div>\n\n    <!--start form-->\n    <div id=\"nd_options_shortcode_cf7_2107\" class=\"nd_options_section \">\n      \n      <div class=\"nd_options_section nd_options_box_sizing_border_box\">\n        <div class=\"wpcf7\" id=\"wpcf7-f2107-o1\" lang=\"en-US\" dir=\"ltr\">\n<div class=\"screen-reader-response\"><p role=\"status\" aria-live=\"polite\" aria-atomic=\"true\"><\/p> <ul><\/ul><\/div>\n<form action=\"\/index.php\/wp-json\/wp\/v2\/pages\/1973\/?lang=es#wpcf7-f2107-o1\" method=\"post\" class=\"wpcf7-form init\" novalidate=\"novalidate\" data-status=\"init\">\n<div>\n<input type=\"hidden\" name=\"_wpcf7\" value=\"2107\" \/>\n<input type=\"hidden\" name=\"_wpcf7_version\" value=\"5.5.3\" \/>\n<input type=\"hidden\" name=\"_wpcf7_locale\" value=\"en_US\" \/>\n<input type=\"hidden\" name=\"_wpcf7_unit_tag\" value=\"wpcf7-f2107-o1\" \/>\n<input type=\"hidden\" name=\"_wpcf7_container_post\" value=\"0\" \/>\n<input type=\"hidden\" name=\"_wpcf7_posted_data_hash\" value=\"\" \/>\n<input type=\"hidden\" name=\"_wpcf7_recaptcha_response\" value=\"\" \/>\n<\/div>\n<div class=\"nd_options_float_left nd_options_box_sizing_border_box nd_options_width_100_percentage_all_iphone_important nd_options_padding_0_right_important_all_iphone nd_options_padding_0_left_important_all_iphone \" style=\"padding: 0px 10px 15px 0px;width:100%\"><span class=\"wpcf7-form-control-wrap name-form\"><\/span><\/div><div class=\"nd_options_float_left nd_options_box_sizing_border_box nd_options_width_100_percentage_all_iphone_important nd_options_padding_0_right_important_all_iphone nd_options_padding_0_left_important_all_iphone \" style=\"padding: 0px 10px 15px 0px;width:100%\"><span class=\"wpcf7-form-control-wrap email\"><\/span><\/div><div class=\"nd_options_float_left nd_options_box_sizing_border_box nd_options_width_100_percentage_all_iphone_important nd_options_padding_0_right_important_all_iphone nd_options_padding_0_left_important_all_iphone \" style=\"padding: 0px 10px 15px 0px;width:100%\"><span class=\"wpcf7-form-control-wrap message\"><textarea name=\"message\" cols=\"40\" rows=\"5\" class=\"wpcf7-form-control wpcf7-textarea nd_travel_bg_greydark_2_important nd_travel_border_width_0_important nd_options_padding_10_20_important nd_options_margin_top_10\"><\/textarea><\/span><\/div><div class=\"nd_options_float_left nd_options_box_sizing_border_box nd_options_width_100_percentage_all_iphone_important nd_options_padding_0_right_important_all_iphone nd_options_padding_0_left_important_all_iphone \" style=\"padding: 0px 0px 0px 0px;width:100%\"><\/div>\n<div class=\"wpcf7-response-output\" aria-hidden=\"true\"><\/div><\/form><\/div> \n      <\/div>  \n\n    <\/div>\n    <!--end form-->\n\n   [\/vc_column_inner][\/vc_row_inner][vc_row_inner css=\u00bb.vc_custom_1533508625300{margin-top: 35px !important;background-image: url(http:\/\/ecoletravel.com\/wp-content\/uploads\/2018\/07\/tour-puentes.jpg?id=1175) !important;background-position: center !important;background-repeat: no-repeat !important;background-size: cover !important;}\u00bb][vc_column_inner css=\u00bb.vc_custom_1502963078281{padding-top: 82px !important;padding-right: 30px !important;padding-bottom: 82px !important;padding-left: 30px !important;background-color: rgba(114,116,117,0.29) !important;*background-color: rgb(114,116,117) !important;}\u00bb] <h5 style=\"color:#ffffff;padding:px;text-align:center;font-size:12px;line-height:12px;letter-spacing: 1px;font-weight:normal\" class=\"   nd_options_second_font \">QUE DICEN NUESTROS CLIENTES<\/h5> <div style=\"background-color:;height: 10px\" class=\"nicdark_section  \"><\/div> <h2 style=\"color:#ffffff;padding:px;text-align:center;font-size:25px;line-height:25px;letter-spacing: px;font-weight:normal\" class=\"   nd_options_first_font \">Testimonios<\/h2> [\/vc_column_inner][\/vc_row_inner]<div style=\"background-color:;height: 20px\" class=\"nicdark_section  \"><\/div>[\/vc_column][\/vc_row]<\/p>\n","protected":false},"excerpt":{"rendered":"<p>[vc_row][vc_column][\/vc_column][\/vc_row][vc_row css=\u00bb.vc_custom_1533509015648{margin-top: 20px !important;margin-bottom: 40px !important;}\u00bb el_id=\u00bbsubirsidebar\u00bb][vc_column width=\u00bb2\/3&#8243;][vc_column_text]Costa Rica es simplemente un destino fant\u00e1stico para viajar y vacacionar. Posee una enorme biodiversidad dentro de sus variados ecosistemas. Situada entre Nicaragua (al norte) y Panam\u00e1 (al sur) tiene una superficie peque\u00f1a, lo que hace que las distancias de viaje sean cortas. La abundancia de la naturaleza [&hellip;]<\/p>\n","protected":false},"author":1,"featured_media":0,"parent":0,"menu_order":0,"comment_status":"closed","ping_status":"closed","template":"","meta":{"spay_email":"","footnotes":""},"class_list":["post-1973","page","type-page","status-publish","hentry"],"_links":{"self":[{"href":"http:\/\/ecoletravel.com\/index.php\/wp-json\/wp\/v2\/pages\/1973\/?lang=es"}],"collection":[{"href":"http:\/\/ecoletravel.com\/index.php\/wp-json\/wp\/v2\/pages\/?lang=es"}],"about":[{"href":"http:\/\/ecoletravel.com\/index.php\/wp-json\/wp\/v2\/types\/page\/?lang=es"}],"author":[{"embeddable":true,"href":"http:\/\/ecoletravel.com\/index.php\/wp-json\/wp\/v2\/users\/1\/?lang=es"}],"replies":[{"embeddable":true,"href":"http:\/\/ecoletravel.com\/index.php\/wp-json\/wp\/v2\/comments\/?lang=es&post=1973"}],"version-history":[{"count":5,"href":"http:\/\/ecoletravel.com\/index.php\/wp-json\/wp\/v2\/pages\/1973\/revisions\/?lang=es"}],"predecessor-version":[{"id":2353,"href":"http:\/\/ecoletravel.com\/index.php\/wp-json\/wp\/v2\/pages\/1973\/revisions\/2353\/?lang=es"}],"wp:attachment":[{"href":"http:\/\/ecoletravel.com\/index.php\/wp-json\/wp\/v2\/media\/?lang=es&parent=1973"}],"curies":[{"name":"wp","href":"https:\/\/api.w.org\/{rel}","templated":true}]}}