{"id":2015,"date":"2019-03-05T13:26:39","date_gmt":"2019-03-05T13:26:39","guid":{"rendered":"http:\/\/ecoletravel.com\/?page_id=2015"},"modified":"2019-04-04T07:03:41","modified_gmt":"2019-04-04T07:03:41","slug":"destinos-princpales","status":"publish","type":"page","link":"http:\/\/ecoletravel.com\/index.php\/destinos-princpales\/?lang=es","title":{"rendered":"DESTINOS PRINCIPALES"},"content":{"rendered":"<p>[vc_row][vc_column]\n\n\t<script type=\"text\/javascript\">\n    \/\/<![CDATA[\n    \n    jQuery(document).ready(function() {\n\n      \/\/START masonry\n      jQuery(function ($) {\n        \n        \/\/Masonry\n    \t\tvar $nd_travel_masonry_content = $(\".nd_travel_masonry_content\").imagesLoaded( function() {\n    \t\t  \/\/ init Masonry after all images have loaded\n    \t\t  $nd_travel_masonry_content.masonry({\n    \t\t    itemSelector: \".nd_travel_masonry_item\"\n    \t\t  });\n    \t\t});\n\n      });\n      \/\/END masonry\n\n    });\n\n    \/\/]]>\n  <\/script>\n\n<div class=\"nd_travel_section nd_travel_masonry_content hidedetails \">\n\n<div id=\"nd_travel_packages_pg_l1_2124\" class=\"nd_travel_masonry_item nd_travel_width_33_percentage nd_travel_float_left nd_travel_width_100_percentage_responsive\">\n\n    <div class=\"nd_travel_section nd_travel_padding_15 nd_travel_box_sizing_border_box\">\n\n        <div class=\"nd_travel_section nd_travel_border_1_solid_grey nd_travel_bg_white\">\n            \n            \n\n        <div class=\"nd_travel_packages_pg_l1_image nd_travel_overflow_hidden nd_travel_section nd_travel_position_relative\">\n\n            \n    <a class=\"nd_travel_position_absolute nd_travel_top_0 nd_travel_left_0 nd_travel_bg_white nd_travel_padding_10_20\" href=\"http:\/\/ecoletravel.com\/index.php\/packages\/san-jose-paquete-inicial\/?lang=es\">\n        <span class=\"\">$<\/span> <span class=\"\">175<\/span>  \n    <\/a>\n\n            \n            \n            <img decoding=\"async\" alt=\"\" class=\"nd_travel_section\" src=\"https:\/\/i1.wp.com\/ecoletravel.com\/wp-content\/uploads\/2018\/11\/web-teatro-1.jpg?resize=780%2C520\">\n\n        <\/div>\n\n\n    \n\n            <div class=\"nd_travel_section\">\n                <a class=\"nd_travel_packages_pg_l1_title\" href=\"http:\/\/ecoletravel.com\/index.php\/packages\/san-jose-paquete-inicial\/?lang=es\"><h3 class=\"nd_options_color_white nd_travel_bg_greydark nd_travel_font_weight_normal nd_travel_padding_20 nd_travel_box_sizing_border_box\">San Jose Paquete Inicial<\/h3><\/a>\n            <\/div>\n            <div style=\"background-color:#27bad4\" class=\"nd_travel_section\">\n                \n                <div class=\"nd_travel_packages_pg_l1_destination nd_travel_float_left nd_travel_width_50_percentage nd_travel_padding_5_20 nd_travel_box_sizing_border_box\">\n                    <a href=\"http:\/\/ecoletravel.com\/index.php\/destinations\/valle-central\/\"><p class=\"nd_options_color_white\">Valle Central<\/p><\/a>\n                <\/div>\n                 \n                \n                <div class=\"nd_travel_position_relative nd_travel_packages_pg_l1_typology nd_travel_float_left nd_travel_width_50_percentage nd_travel_padding_5_20 nd_travel_box_sizing_border_box nd_travel_bg_white_alpha_10\">\n                    <span class=\"nd_options_color_white nd_travel_position_relative nd_travel_section\">\n                        <a class=\"nd_options_color_white\" href=\"http:\/\/ecoletravel.com\/index.php\/typologies\/3-dias\/?lang=es\">3 D\u00edas<\/a>  \n                    <\/span>\n                <\/div> \n                 \n            <\/div>\n            \n            <div class=\"nd_travel_section nd_travel_padding_20 nd_travel_box_sizing_border_box\">\n\n                <p class=\"nd_travel_packages_pg_l1_text_preview\">Este paquete de inicio le garantiza un  relajado comienzo de sus vacaciones en Costa Rica, mientras se familiariza <\/p>\n                <div class=\"nd_travel_section nd_travel_height_20\"><\/div>\n                <a href=\"http:\/\/ecoletravel.com\/index.php\/packages\/san-jose-paquete-inicial\/?lang=es\" class=\"nd_travel_packages_pg_l1_button nd_travel_border_1_solid_grey nd_travel_padding_10_20 nd_options_second_font_important nd_travel_border_radius_0_important nd_travel_background_color_transparent_important nd_travel_cursor_pointer nd_travel_display_inline_block\">M\u00c1S INFO<\/a>\n\n            <\/div>\n        <\/div>\n\n    <\/div>\n\n<\/div>\n\n<div id=\"nd_travel_packages_pg_l1_2139\" class=\"nd_travel_masonry_item nd_travel_width_33_percentage nd_travel_float_left nd_travel_width_100_percentage_responsive\">\n\n    <div class=\"nd_travel_section nd_travel_padding_15 nd_travel_box_sizing_border_box\">\n\n        <div class=\"nd_travel_section nd_travel_border_1_solid_grey nd_travel_bg_white\">\n            \n            \n\n        <div class=\"nd_travel_packages_pg_l1_image nd_travel_overflow_hidden nd_travel_section nd_travel_position_relative\">\n\n            \n    <a class=\"nd_travel_position_absolute nd_travel_top_0 nd_travel_left_0 nd_travel_bg_white nd_travel_padding_10_20\" href=\"http:\/\/ecoletravel.com\/index.php\/packages\/hospedaje-en-un-pueblo-indigena\/?lang=es\">\n        <span class=\"\">$<\/span> <span class=\"\">120<\/span>  \n    <\/a>\n\n            \n            \n            <img decoding=\"async\" alt=\"\" class=\"nd_travel_section\" src=\"https:\/\/i2.wp.com\/ecoletravel.com\/wp-content\/uploads\/2018\/11\/web-indigenas1-1.jpg?resize=780%2C520\">\n\n        <\/div>\n\n\n    \n\n            <div class=\"nd_travel_section\">\n                <a class=\"nd_travel_packages_pg_l1_title\" href=\"http:\/\/ecoletravel.com\/index.php\/packages\/hospedaje-en-un-pueblo-indigena\/?lang=es\"><h3 class=\"nd_options_color_white nd_travel_bg_greydark nd_travel_font_weight_normal nd_travel_padding_20 nd_travel_box_sizing_border_box\">Hospedaje En Pueblo Ind\u00edgena<\/h3><\/a>\n            <\/div>\n            <div style=\"background-color:#e4910f\" class=\"nd_travel_section\">\n                \n                <div class=\"nd_travel_packages_pg_l1_destination nd_travel_float_left nd_travel_width_50_percentage nd_travel_padding_5_20 nd_travel_box_sizing_border_box\">\n                    <a href=\"http:\/\/ecoletravel.com\/index.php\/destinations\/caribe-sur\/\"><p class=\"nd_options_color_white\">Caribe Sur<\/p><\/a>\n                <\/div>\n                 \n                \n                <div class=\"nd_travel_position_relative nd_travel_packages_pg_l1_typology nd_travel_float_left nd_travel_width_50_percentage nd_travel_padding_5_20 nd_travel_box_sizing_border_box nd_travel_bg_white_alpha_10\">\n                    <span class=\"nd_options_color_white nd_travel_position_relative nd_travel_section\">\n                        <a class=\"nd_options_color_white\" href=\"http:\/\/ecoletravel.com\/index.php\/typologies\/2-dias\/?lang=es\">2 D\u00edas<\/a>  \n                    <\/span>\n                <\/div> \n                 \n            <\/div>\n            \n            <div class=\"nd_travel_section nd_travel_padding_20 nd_travel_box_sizing_border_box\">\n\n                <p class=\"nd_travel_packages_pg_l1_text_preview\">Este singular viaje ser\u00e1 organizado por la comunidad de York\u00edn, en lo profundo de la selva tropical en la regi\u00f3n <\/p>\n                <div class=\"nd_travel_section nd_travel_height_20\"><\/div>\n                <a href=\"http:\/\/ecoletravel.com\/index.php\/packages\/hospedaje-en-un-pueblo-indigena\/?lang=es\" class=\"nd_travel_packages_pg_l1_button nd_travel_border_1_solid_grey nd_travel_padding_10_20 nd_options_second_font_important nd_travel_border_radius_0_important nd_travel_background_color_transparent_important nd_travel_cursor_pointer nd_travel_display_inline_block\">M\u00c1S INFO<\/a>\n\n            <\/div>\n        <\/div>\n\n    <\/div>\n\n<\/div>\n\n<div id=\"nd_travel_packages_pg_l1_2144\" class=\"nd_travel_masonry_item nd_travel_width_33_percentage nd_travel_float_left nd_travel_width_100_percentage_responsive\">\n\n    <div class=\"nd_travel_section nd_travel_padding_15 nd_travel_box_sizing_border_box\">\n\n        <div class=\"nd_travel_section nd_travel_border_1_solid_grey nd_travel_bg_white\">\n            \n            \n\n        <div class=\"nd_travel_packages_pg_l1_image nd_travel_overflow_hidden nd_travel_section nd_travel_position_relative\">\n\n            \n    <a class=\"nd_travel_position_absolute nd_travel_top_0 nd_travel_left_0 nd_travel_bg_white nd_travel_padding_10_20\" href=\"http:\/\/ecoletravel.com\/index.php\/packages\/tortuguero-2\/?lang=es\">\n        <span class=\"\">$<\/span> <span class=\"\">305<\/span>  \n    <\/a>\n\n            \n            \n            <img decoding=\"async\" alt=\"\" class=\"nd_travel_section\" src=\"https:\/\/i2.wp.com\/ecoletravel.com\/wp-content\/uploads\/2018\/11\/web-Tortuguero-4.jpg?resize=780%2C520\">\n\n        <\/div>\n\n\n    \n\n            <div class=\"nd_travel_section\">\n                <a class=\"nd_travel_packages_pg_l1_title\" href=\"http:\/\/ecoletravel.com\/index.php\/packages\/tortuguero-2\/?lang=es\"><h3 class=\"nd_options_color_white nd_travel_bg_greydark nd_travel_font_weight_normal nd_travel_padding_20 nd_travel_box_sizing_border_box\">Tortuguero<\/h3><\/a>\n            <\/div>\n            <div style=\"background-color:#35724a\" class=\"nd_travel_section\">\n                \n                <div class=\"nd_travel_packages_pg_l1_destination nd_travel_float_left nd_travel_width_50_percentage nd_travel_padding_5_20 nd_travel_box_sizing_border_box\">\n                    <a href=\"http:\/\/ecoletravel.com\/index.php\/destinations\/caribe-norte\/\"><p class=\"nd_options_color_white\">Caribe Norte<\/p><\/a>\n                <\/div>\n                 \n                \n                <div class=\"nd_travel_position_relative nd_travel_packages_pg_l1_typology nd_travel_float_left nd_travel_width_50_percentage nd_travel_padding_5_20 nd_travel_box_sizing_border_box nd_travel_bg_white_alpha_10\">\n                    <span class=\"nd_options_color_white nd_travel_position_relative nd_travel_section\">\n                        <a class=\"nd_options_color_white\" href=\"http:\/\/ecoletravel.com\/index.php\/typologies\/3-dias-2\/?lang=es\">3 D\u00edas<\/a>  \n                    <\/span>\n                <\/div> \n                 \n            <\/div>\n            \n            <div class=\"nd_travel_section nd_travel_padding_20 nd_travel_box_sizing_border_box\">\n\n                <p class=\"nd_travel_packages_pg_l1_text_preview\">Para los amantes de la naturaleza que desean tener la oportunidad de ver una gran cantidad de vida silvestre<\/p>\n                <div class=\"nd_travel_section nd_travel_height_20\"><\/div>\n                <a href=\"http:\/\/ecoletravel.com\/index.php\/packages\/tortuguero-2\/?lang=es\" class=\"nd_travel_packages_pg_l1_button nd_travel_border_1_solid_grey nd_travel_padding_10_20 nd_options_second_font_important nd_travel_border_radius_0_important nd_travel_background_color_transparent_important nd_travel_cursor_pointer nd_travel_display_inline_block\">M\u00c1S INFO<\/a>\n\n            <\/div>\n        <\/div>\n\n    <\/div>\n\n<\/div>\n\n<div id=\"nd_travel_packages_pg_l1_2146\" class=\"nd_travel_masonry_item nd_travel_width_33_percentage nd_travel_float_left nd_travel_width_100_percentage_responsive\">\n\n    <div class=\"nd_travel_section nd_travel_padding_15 nd_travel_box_sizing_border_box\">\n\n        <div class=\"nd_travel_section nd_travel_border_1_solid_grey nd_travel_bg_white\">\n            \n            \n\n        <div class=\"nd_travel_packages_pg_l1_image nd_travel_overflow_hidden nd_travel_section nd_travel_position_relative\">\n\n            \n    <a class=\"nd_travel_position_absolute nd_travel_top_0 nd_travel_left_0 nd_travel_bg_white nd_travel_padding_10_20\" href=\"http:\/\/ecoletravel.com\/index.php\/packages\/arenal-monteverde\/?lang=es\">\n        <span class=\"\">$<\/span> <span class=\"\">425<\/span>  \n    <\/a>\n\n            \n            \n            <img decoding=\"async\" alt=\"\" class=\"nd_travel_section\" src=\"https:\/\/i1.wp.com\/ecoletravel.com\/wp-content\/uploads\/2018\/10\/web-image008.jpg?resize=780%2C520\">\n\n        <\/div>\n\n\n    \n\n            <div class=\"nd_travel_section\">\n                <a class=\"nd_travel_packages_pg_l1_title\" href=\"http:\/\/ecoletravel.com\/index.php\/packages\/arenal-monteverde\/?lang=es\"><h3 class=\"nd_options_color_white nd_travel_bg_greydark nd_travel_font_weight_normal nd_travel_padding_20 nd_travel_box_sizing_border_box\">Arenal + Monteverde<\/h3><\/a>\n            <\/div>\n            <div style=\"background-color:#70a534\" class=\"nd_travel_section\">\n                \n                <div class=\"nd_travel_packages_pg_l1_destination nd_travel_float_left nd_travel_width_50_percentage nd_travel_padding_5_20 nd_travel_box_sizing_border_box\">\n                    <a href=\"http:\/\/ecoletravel.com\/index.php\/destinations\/llanuras-del-norte\/\"><p class=\"nd_options_color_white\">Llanuras del Norte<\/p><\/a>\n                <\/div>\n                 \n                \n                <div class=\"nd_travel_position_relative nd_travel_packages_pg_l1_typology nd_travel_float_left nd_travel_width_50_percentage nd_travel_padding_5_20 nd_travel_box_sizing_border_box nd_travel_bg_white_alpha_10\">\n                    <span class=\"nd_options_color_white nd_travel_position_relative nd_travel_section\">\n                        <a class=\"nd_options_color_white\" href=\"http:\/\/ecoletravel.com\/index.php\/typologies\/4-dias\/?lang=es\">4 D\u00edas<\/a>  \n                    <\/span>\n                <\/div> \n                 \n            <\/div>\n            \n            <div class=\"nd_travel_section nd_travel_padding_20 nd_travel_box_sizing_border_box\">\n\n                <p class=\"nd_travel_packages_pg_l1_text_preview\">Durante este viaje de 4 d\u00edas, aprender\u00e1 a entender la raz\u00f3n por la cual Costa Rica es un destino tur\u00edstico tan <\/p>\n                <div class=\"nd_travel_section nd_travel_height_20\"><\/div>\n                <a href=\"http:\/\/ecoletravel.com\/index.php\/packages\/arenal-monteverde\/?lang=es\" class=\"nd_travel_packages_pg_l1_button nd_travel_border_1_solid_grey nd_travel_padding_10_20 nd_options_second_font_important nd_travel_border_radius_0_important nd_travel_background_color_transparent_important nd_travel_cursor_pointer nd_travel_display_inline_block\">M\u00c1S INFO<\/a>\n\n            <\/div>\n        <\/div>\n\n    <\/div>\n\n<\/div>\n\n<div id=\"nd_travel_packages_pg_l1_2152\" class=\"nd_travel_masonry_item nd_travel_width_33_percentage nd_travel_float_left nd_travel_width_100_percentage_responsive\">\n\n    <div class=\"nd_travel_section nd_travel_padding_15 nd_travel_box_sizing_border_box\">\n\n        <div class=\"nd_travel_section nd_travel_border_1_solid_grey nd_travel_bg_white\">\n            \n            \n\n        <div class=\"nd_travel_packages_pg_l1_image nd_travel_overflow_hidden nd_travel_section nd_travel_position_relative\">\n\n            \n    <a class=\"nd_travel_position_absolute nd_travel_top_0 nd_travel_left_0 nd_travel_bg_white nd_travel_padding_10_20\" href=\"http:\/\/ecoletravel.com\/index.php\/packages\/drake-bay\/?lang=es\">\n        <span class=\"\">$<\/span> <span class=\"\">525<\/span>  \n    <\/a>\n\n            \n            \n            <img decoding=\"async\" alt=\"\" class=\"nd_travel_section\" src=\"https:\/\/i2.wp.com\/ecoletravel.com\/wp-content\/uploads\/2018\/11\/web-Drake-103.jpg?resize=780%2C521\">\n\n        <\/div>\n\n\n    \n\n            <div class=\"nd_travel_section\">\n                <a class=\"nd_travel_packages_pg_l1_title\" href=\"http:\/\/ecoletravel.com\/index.php\/packages\/drake-bay\/?lang=es\"><h3 class=\"nd_options_color_white nd_travel_bg_greydark nd_travel_font_weight_normal nd_travel_padding_20 nd_travel_box_sizing_border_box\">Bahia Drake<\/h3><\/a>\n            <\/div>\n            <div style=\"background-color:#f1de0f\" class=\"nd_travel_section\">\n                \n                <div class=\"nd_travel_packages_pg_l1_destination nd_travel_float_left nd_travel_width_50_percentage nd_travel_padding_5_20 nd_travel_box_sizing_border_box\">\n                    <a href=\"http:\/\/ecoletravel.com\/index.php\/destinations\/pacifico-sur\/\"><p class=\"nd_options_color_white\">Pac\u00edfico Sur<\/p><\/a>\n                <\/div>\n                 \n                \n                <div class=\"nd_travel_position_relative nd_travel_packages_pg_l1_typology nd_travel_float_left nd_travel_width_50_percentage nd_travel_padding_5_20 nd_travel_box_sizing_border_box nd_travel_bg_white_alpha_10\">\n                    <span class=\"nd_options_color_white nd_travel_position_relative nd_travel_section\">\n                        <a class=\"nd_options_color_white\" href=\"http:\/\/ecoletravel.com\/index.php\/typologies\/4-dias-2\/?lang=es\">4 D\u00edas<\/a>  \n                    <\/span>\n                <\/div> \n                 \n            <\/div>\n            \n            <div class=\"nd_travel_section nd_travel_padding_20 nd_travel_box_sizing_border_box\">\n\n                <p class=\"nd_travel_packages_pg_l1_text_preview\">Una visita a Corcovado es un punto culminante durante su viaje a Costa Rica. Su lejan\u00eda satisface siempre su <\/p>\n                <div class=\"nd_travel_section nd_travel_height_20\"><\/div>\n                <a href=\"http:\/\/ecoletravel.com\/index.php\/packages\/drake-bay\/?lang=es\" class=\"nd_travel_packages_pg_l1_button nd_travel_border_1_solid_grey nd_travel_padding_10_20 nd_options_second_font_important nd_travel_border_radius_0_important nd_travel_background_color_transparent_important nd_travel_cursor_pointer nd_travel_display_inline_block\">M\u00c1S INFO<\/a>\n\n            <\/div>\n        <\/div>\n\n    <\/div>\n\n<\/div>\n\n<div id=\"nd_travel_packages_pg_l1_2154\" class=\"nd_travel_masonry_item nd_travel_width_33_percentage nd_travel_float_left nd_travel_width_100_percentage_responsive\">\n\n    <div class=\"nd_travel_section nd_travel_padding_15 nd_travel_box_sizing_border_box\">\n\n        <div class=\"nd_travel_section nd_travel_border_1_solid_grey nd_travel_bg_white\">\n            \n            \n\n        <div class=\"nd_travel_packages_pg_l1_image nd_travel_overflow_hidden nd_travel_section nd_travel_position_relative\">\n\n            \n    <a class=\"nd_travel_position_absolute nd_travel_top_0 nd_travel_left_0 nd_travel_bg_white nd_travel_padding_10_20\" href=\"http:\/\/ecoletravel.com\/index.php\/packages\/juanilama\/?lang=es\">\n        <span class=\"\">$<\/span> <span class=\"\">160<\/span>  \n    <\/a>\n\n            \n            \n            <img decoding=\"async\" alt=\"\" class=\"nd_travel_section\" src=\"https:\/\/i1.wp.com\/ecoletravel.com\/wp-content\/uploads\/2018\/11\/web-juanilama-3.jpg?resize=780%2C520\">\n\n        <\/div>\n\n\n    \n\n            <div class=\"nd_travel_section\">\n                <a class=\"nd_travel_packages_pg_l1_title\" href=\"http:\/\/ecoletravel.com\/index.php\/packages\/juanilama\/?lang=es\"><h3 class=\"nd_options_color_white nd_travel_bg_greydark nd_travel_font_weight_normal nd_travel_padding_20 nd_travel_box_sizing_border_box\">Juanilama<\/h3><\/a>\n            <\/div>\n            <div style=\"background-color:#276694\" class=\"nd_travel_section\">\n                \n                <div class=\"nd_travel_packages_pg_l1_destination nd_travel_float_left nd_travel_width_50_percentage nd_travel_padding_5_20 nd_travel_box_sizing_border_box\">\n                    <a href=\"http:\/\/ecoletravel.com\/index.php\/destinations\/llanuras-del-norte-2\/\"><p class=\"nd_options_color_white\">Llanuras del Norte<\/p><\/a>\n                <\/div>\n                 \n                \n                <div class=\"nd_travel_position_relative nd_travel_packages_pg_l1_typology nd_travel_float_left nd_travel_width_50_percentage nd_travel_padding_5_20 nd_travel_box_sizing_border_box nd_travel_bg_white_alpha_10\">\n                    <span class=\"nd_options_color_white nd_travel_position_relative nd_travel_section\">\n                        <a class=\"nd_options_color_white\" href=\"http:\/\/ecoletravel.com\/index.php\/typologies\/3-dias-3\/?lang=es\">3 D\u00edas<\/a>  \n                    <\/span>\n                <\/div> \n                 \n            <\/div>\n            \n            <div class=\"nd_travel_section nd_travel_padding_20 nd_travel_box_sizing_border_box\">\n\n                <p class=\"nd_travel_packages_pg_l1_text_preview\">La peque\u00f1a comunidad rural de Juanilama est\u00e1 ubicada en las planicies del norte de Costa Rica. Debido a que los <\/p>\n                <div class=\"nd_travel_section nd_travel_height_20\"><\/div>\n                <a href=\"http:\/\/ecoletravel.com\/index.php\/packages\/juanilama\/?lang=es\" class=\"nd_travel_packages_pg_l1_button nd_travel_border_1_solid_grey nd_travel_padding_10_20 nd_options_second_font_important nd_travel_border_radius_0_important nd_travel_background_color_transparent_important nd_travel_cursor_pointer nd_travel_display_inline_block\">M\u00c1S INFO<\/a>\n\n            <\/div>\n        <\/div>\n\n    <\/div>\n\n<\/div><\/div><div style=\"background-color:;height: 40px\" class=\"nicdark_section  \"><\/div>[\/vc_column][\/vc_row]<\/p>\n","protected":false},"excerpt":{"rendered":"<p>[vc_row][vc_column][\/vc_column][\/vc_row]<\/p>\n","protected":false},"author":1,"featured_media":0,"parent":0,"menu_order":0,"comment_status":"closed","ping_status":"closed","template":"","meta":{"spay_email":"","footnotes":""},"class_list":["post-2015","page","type-page","status-publish","hentry"],"_links":{"self":[{"href":"http:\/\/ecoletravel.com\/index.php\/wp-json\/wp\/v2\/pages\/2015\/?lang=es"}],"collection":[{"href":"http:\/\/ecoletravel.com\/index.php\/wp-json\/wp\/v2\/pages\/?lang=es"}],"about":[{"href":"http:\/\/ecoletravel.com\/index.php\/wp-json\/wp\/v2\/types\/page\/?lang=es"}],"author":[{"embeddable":true,"href":"http:\/\/ecoletravel.com\/index.php\/wp-json\/wp\/v2\/users\/1\/?lang=es"}],"replies":[{"embeddable":true,"href":"http:\/\/ecoletravel.com\/index.php\/wp-json\/wp\/v2\/comments\/?lang=es&post=2015"}],"version-history":[{"count":4,"href":"http:\/\/ecoletravel.com\/index.php\/wp-json\/wp\/v2\/pages\/2015\/revisions\/?lang=es"}],"predecessor-version":[{"id":2382,"href":"http:\/\/ecoletravel.com\/index.php\/wp-json\/wp\/v2\/pages\/2015\/revisions\/2382\/?lang=es"}],"wp:attachment":[{"href":"http:\/\/ecoletravel.com\/index.php\/wp-json\/wp\/v2\/media\/?lang=es&parent=2015"}],"curies":[{"name":"wp","href":"https:\/\/api.w.org\/{rel}","templated":true}]}}