{"id":2491,"date":"2020-08-25T04:58:07","date_gmt":"2020-08-25T04:58:07","guid":{"rendered":"http:\/\/ecoletravel.com\/?page_id=2491"},"modified":"2020-10-29T01:35:28","modified_gmt":"2020-10-29T01:35:28","slug":"covid-19-2","status":"publish","type":"page","link":"http:\/\/ecoletravel.com\/index.php\/covid-19-2\/?lang=es","title":{"rendered":"COVID-19"},"content":{"rendered":"<p>&nbsp;<\/p>\n<p><strong>Ecole Te invita a ser un viajero responsable<\/strong><\/p>\n<p>&nbsp;<\/p>\n<p>Hemos preparado una peque\u00f1a gu\u00eda informativa, en varios idiomas, para hacer de su conocimiento que nuestro cautivante pa\u00eds est\u00e1 preparado con todos los protocolos bajo la direcci\u00f3n del Ministerio de Salud de Costa Rica.<\/p>\n<p>&nbsp;<\/p>\n<p>El pa\u00eds ha tomado con toda seriedad y responsabilidad todo lo concerniente al avance del coronavirus. Nuestras acciones hablan por s\u00ed mismas; la salud est\u00e1 en primer lugar ante cualquier otra situaci\u00f3n en el pa\u00eds, nuestro sistema de salud tiene una cobertura del 95% de la poblaci\u00f3n y ahora el pa\u00eds cuenta con dos formulaciones de anticuerpos equinos que son capaces de inhibir la capacidad infecciosa del SARS-CoV-2, virus que produce la enfermedad del COVID-19.<\/p>\n<p>&nbsp;<\/p>\n<p>Hemos asumido una responsabilidad de cuidar a los turistas nacionales y extranjeros, como sector turismo, reafirmamos nuestra confianza en el sistema de salud costarricense, uno de los m\u00e1s s\u00f3lidos de toda Am\u00e9rica Latina.<\/p>\n<p>&nbsp;<\/p>\n<p>Haz clic aqu\u00ed para descargar la ficha informativa:<\/p>\n<p>&nbsp;<\/p>\n<p><a href=\"http:\/\/ecoletravel.com\/wp-content\/uploads\/2020\/10\/COVID-19_Ecole_Travel_ESP_2020-1.pdf\" target=\"_blank\" rel=\"noopener noreferrer\"><u>Gu\u00eda Informativa COVID-19 en Espa\u00f1ol<\/u><\/a><\/p>\n<p>&nbsp;<\/p>\n<p><a href=\"http:\/\/ecoletravel.com\/wp-content\/uploads\/2020\/10\/COVID-19_Ecole_Travel_ENG_2020.pdf\" target=\"_blank\" rel=\"noopener noreferrer\"><u>Gu\u00eda Informativa COVID-19 en Ingl\u00e9s<\/u><\/a><\/p>\n<p>&nbsp;<\/p>\n<p><a href=\"http:\/\/ecoletravel.com\/wp-content\/uploads\/2020\/10\/COVID-19_Ecole_Travel_NL_2020.pdf\" target=\"_blank\" rel=\"noopener noreferrer\"><u>Gu\u00eda Informativa COVID-19 en Holand\u00e9s<\/u><\/a><\/p>\n<p>&nbsp;<\/p>\n<p><a href=\"http:\/\/ecoletravel.com\/wp-content\/uploads\/2020\/10\/COVID-19_Ecole_Travel_AL_2020.pdf\" target=\"_blank\" rel=\"noopener noreferrer\"><u>Gu\u00eda Informativa COVID-19 en Alem\u00e1n<\/u><\/a><\/p>\n<p>&nbsp;<\/p>\n<p><a href=\"http:\/\/ecoletravel.com\/wp-content\/uploads\/2020\/10\/COVID-19_Ecole_Travel_FRA_2020.pdf\" target=\"_blank\" rel=\"noopener noreferrer\"><u>Gu\u00eda Informativa COVID-19 en Franc\u00e9s<\/u><\/a><\/p>\n<p>&nbsp;<\/p>\n<p>&nbsp;<\/p>\n<p>&nbsp;<\/p>\n","protected":false},"excerpt":{"rendered":"<p>&nbsp; Ecole Te invita a ser un viajero responsable &nbsp; Hemos preparado una peque\u00f1a gu\u00eda informativa, en varios idiomas, para hacer de su conocimiento que nuestro cautivante pa\u00eds est\u00e1 preparado con todos los protocolos bajo la direcci\u00f3n del Ministerio de Salud de Costa Rica. &nbsp; El pa\u00eds ha tomado con toda seriedad y responsabilidad todo [&hellip;]<\/p>\n","protected":false},"author":1,"featured_media":0,"parent":0,"menu_order":0,"comment_status":"closed","ping_status":"closed","template":"","meta":{"spay_email":"","footnotes":""},"class_list":["post-2491","page","type-page","status-publish","hentry"],"_links":{"self":[{"href":"http:\/\/ecoletravel.com\/index.php\/wp-json\/wp\/v2\/pages\/2491\/?lang=es"}],"collection":[{"href":"http:\/\/ecoletravel.com\/index.php\/wp-json\/wp\/v2\/pages\/?lang=es"}],"about":[{"href":"http:\/\/ecoletravel.com\/index.php\/wp-json\/wp\/v2\/types\/page\/?lang=es"}],"author":[{"embeddable":true,"href":"http:\/\/ecoletravel.com\/index.php\/wp-json\/wp\/v2\/users\/1\/?lang=es"}],"replies":[{"embeddable":true,"href":"http:\/\/ecoletravel.com\/index.php\/wp-json\/wp\/v2\/comments\/?lang=es&post=2491"}],"version-history":[{"count":13,"href":"http:\/\/ecoletravel.com\/index.php\/wp-json\/wp\/v2\/pages\/2491\/revisions\/?lang=es"}],"predecessor-version":[{"id":2641,"href":"http:\/\/ecoletravel.com\/index.php\/wp-json\/wp\/v2\/pages\/2491\/revisions\/2641\/?lang=es"}],"wp:attachment":[{"href":"http:\/\/ecoletravel.com\/index.php\/wp-json\/wp\/v2\/media\/?lang=es&parent=2491"}],"curies":[{"name":"wp","href":"https:\/\/api.w.org\/{rel}","templated":true}]}}