{"id":1937,"date":"2019-03-03T12:06:26","date_gmt":"2019-03-03T12:06:26","guid":{"rendered":"http:\/\/ecoletravel.com\/?page_id=1937"},"modified":"2019-04-03T15:25:06","modified_gmt":"2019-04-03T15:25:06","slug":"servicios-dmc","status":"publish","type":"page","link":"https:\/\/ecoletravel.com\/index.php\/servicios-dmc\/?lang=es","title":{"rendered":"SERVICIOS DMC"},"content":{"rendered":"<p>[vc_row][vc_column] <h1 style=\"color:;padding:px;text-align:;font-size:px;line-height:px;letter-spacing: px;font-weight:\" class=\"    \">SERVICIOS DMC \u2013 EVENTOS E INCENTIVOS<\/h1> <div style=\"background-color:;height: 20px\" class=\"nicdark_section  \"><\/div> <h3 style=\"color:#a4a4a4;padding:px;text-align:;font-size:px;line-height:px;letter-spacing: px;font-weight:\" class=\"    \">NOSOTROS<\/h3> <div style=\"background-color:;height: 20px\" class=\"nicdark_section  \"><\/div>\n    <div class=\"nd_options_section nd_options_line_height_0  nd_options_text_align_left \">\n        <span style=\"height:2px;width:80px;background-color:#f1f1f1\" class=\"nd_options_display_inline_block\"><\/span>\n    <\/div>\n   <div style=\"background-color:;height: 20px\" class=\"nicdark_section  \"><\/div>[\/vc_column][\/vc_row][vc_row css=\u00bb.vc_custom_1533768021546{margin-top: 20px !important;margin-bottom: 40px !important;}\u00bb el_id=\u00bbsubirsidebar2&#8243;][vc_column width=\u00bb2\/3&#8243;][vc_column_text]Costa Rica es simplemente un destino fant\u00e1stico para viajar y vacacionar. Posee una enorme biodiversidad dentro de sus variados ecosistemas. Situada entre Nicaragua (al norte) y Panam\u00e1 (al sur) tiene una superficie peque\u00f1a, lo que significa que las distancias de viaje son cortas. La abundancia de su naturaleza y la facilidad para observar la vida silvestre la convierten en un destino muy popular.<\/p>\n<p>&nbsp;<\/p>\n<p>El sector tur\u00edstico de Costa Rica est\u00e1 en pleno desarrollo. Algunas \u00e1reas, fuera de las m\u00e1s visitadas, est\u00e1n abriendo su potencial. San Jos\u00e9 se est\u00e1 convirtiendo en una ciudad vibrante, con un interesante escenario cultural. Nuevos tours se suman a una oferta ya muy variada. El turismo rural es cada vez m\u00e1s importante, ofreciendo a nuestros hu\u00e9spedes experiencias realmente aut\u00e9nticas.<\/p>\n<p>&nbsp;<\/p>\n<p>Es sumamente importante, para nosotros, ser los primeros en la fila para experimentar estas novedades e incluirlas en nuestros itinerarios. Para brindar a nuestros hu\u00e9spedes la mejor experiencia en Costa Rica, es vital diversificar lo m\u00e1s posible. \u00a1Por suerte Costa Rica es un pa\u00eds con infinitas posibilidades!<\/p>\n<p>&nbsp;<\/p>\n<p>Las experiencias genuinas se crean solo mediante una operaci\u00f3n sin problemas y una log\u00edstica excelente. Por eso nos esforzamos en la atenci\u00f3n personalizada a nuestros hu\u00e9spedes durante su estancia en Costa Rica.[\/vc_column_text]<div style=\"background-color:;height: 40px\" class=\"nicdark_section  \"><\/div>\n\n    <div class=\"nd_options_section nd_options_toogles_faq \">\n\n      <div class=\"nd_options_section nd_options_box_sizing_border_box\">\n        <p class=\"nd_options_toogle_title nd_options_first_font nd_options_font_size_17 nd_options_position_relative nd_options_padding_right_20 nd_options_padding_top_5 nd_options_padding_left_45 nd_options_padding_bottom_5\">\n          <span style=\"background-color:#276694\" class=\"nd_options_cursor_pointer nd_options_text_align_center nd_options_toogle_title_open_829 nd_options_width_25 nd_options_height_25  nd_options_position_absolute nd_options_top_0 nd_options_left_0\">\n            <img decoding=\"async\" alt=\"\" class=\"nd_options_margin_top_6\" src=\"https:\/\/i2.wp.com\/ecoletravel.com\/wp-content\/plugins\/nd-shortcodes\/shortcodes\/custom\/toogle\/icon-add-white.png?w=12&#038;ssl=1\" data-recalc-dims=\"1\">\n          <\/span> \n          <span style=\"background-color:#276694\" class=\"nd_options_cursor_pointer nd_options_text_align_center nd_options_toogle_title_close_829 nd_options_width_25 nd_options_display_none nd_options_height_25  nd_options_position_absolute nd_options_top_0 nd_options_left_0\">\n            <img decoding=\"async\" alt=\"\" class=\"nd_options_margin_top_6\" src=\"https:\/\/i0.wp.com\/ecoletravel.com\/wp-content\/plugins\/nd-shortcodes\/shortcodes\/custom\/toogle\/icon-less-white.png?w=12&#038;ssl=1\" data-recalc-dims=\"1\">\n          <\/span>\n          Recibimiento en el Aeropuerto\n        <\/p>\n      <\/div>\n      \n      <div class=\"nd_options_display_none nd_options_padding_20 nd_options_padding_left_45 nd_options_toogle_content_829 nd_options_section nd_options_box_sizing_border_box\">\n        <p>Ofrecemos unidades de transporte completamente nuevas para nuestros hu\u00e9spedes llegando a Costa Rica. Su primer encuentro con nuestro representante refleja la hospitalidad que pretendemos brindarles durante su estancia en nuestro pa\u00eds. Nuestro conductor les ofrece un viaje seguro a su primer hotel en el pa\u00eds.<\/p>\n      <\/div>\n\n    <\/div>\n\n   <div style=\"background-color:;height: 20px\" class=\"nicdark_section  \"><\/div>\n\n    <div class=\"nd_options_section nd_options_toogles_faq \">\n\n      <div class=\"nd_options_section nd_options_box_sizing_border_box\">\n        <p class=\"nd_options_toogle_title nd_options_first_font nd_options_font_size_17 nd_options_position_relative nd_options_padding_right_20 nd_options_padding_top_5 nd_options_padding_left_45 nd_options_padding_bottom_5\">\n          <span style=\"background-color:#27bad4\" class=\"nd_options_cursor_pointer nd_options_text_align_center nd_options_toogle_title_open_197 nd_options_width_25 nd_options_height_25  nd_options_position_absolute nd_options_top_0 nd_options_left_0\">\n            <img decoding=\"async\" alt=\"\" class=\"nd_options_margin_top_6\" src=\"https:\/\/i2.wp.com\/ecoletravel.com\/wp-content\/plugins\/nd-shortcodes\/shortcodes\/custom\/toogle\/icon-add-white.png?w=12&#038;ssl=1\" data-recalc-dims=\"1\">\n          <\/span> \n          <span style=\"background-color:#27bad4\" class=\"nd_options_cursor_pointer nd_options_text_align_center nd_options_toogle_title_close_197 nd_options_width_25 nd_options_display_none nd_options_height_25  nd_options_position_absolute nd_options_top_0 nd_options_left_0\">\n            <img decoding=\"async\" alt=\"\" class=\"nd_options_margin_top_6\" src=\"https:\/\/i0.wp.com\/ecoletravel.com\/wp-content\/plugins\/nd-shortcodes\/shortcodes\/custom\/toogle\/icon-less-white.png?w=12&#038;ssl=1\" data-recalc-dims=\"1\">\n          <\/span>\n          Kit Informativo\n        <\/p>\n      <\/div>\n      \n      <div class=\"nd_options_display_none nd_options_padding_20 nd_options_padding_left_45 nd_options_toogle_content_197 nd_options_section nd_options_box_sizing_border_box\">\n        <p>Todos nuestros hu\u00e9spedes recibir\u00e1n material informativo personalizado a su llegada a Costa Rica, este kit contiene documentos de viaje y descripciones de rutas, entre otros detalles. Prestamos mucha atenci\u00f3n para que sea individualizado para cada uno de nuestros hu\u00e9spedes.<\/p>\n      <\/div>\n\n    <\/div>\n\n   <div style=\"background-color:;height: 20px\" class=\"nicdark_section  \"><\/div>[vc_column_text el_id=\u00bbmeetgreet\u00bb][\/vc_column_text]\n\n    <div class=\"nd_options_section nd_options_toogles_faq \">\n\n      <div class=\"nd_options_section nd_options_box_sizing_border_box\">\n        <p class=\"nd_options_toogle_title nd_options_first_font nd_options_font_size_17 nd_options_position_relative nd_options_padding_right_20 nd_options_padding_top_5 nd_options_padding_left_45 nd_options_padding_bottom_5\">\n          <span style=\"background-color:#35724a\" class=\"nd_options_cursor_pointer nd_options_text_align_center nd_options_toogle_title_open_987 nd_options_width_25 nd_options_height_25  nd_options_position_absolute nd_options_top_0 nd_options_left_0\">\n            <img decoding=\"async\" alt=\"\" class=\"nd_options_margin_top_6\" src=\"https:\/\/i2.wp.com\/ecoletravel.com\/wp-content\/plugins\/nd-shortcodes\/shortcodes\/custom\/toogle\/icon-add-white.png?w=12&#038;ssl=1\" data-recalc-dims=\"1\">\n          <\/span> \n          <span style=\"background-color:#35724a\" class=\"nd_options_cursor_pointer nd_options_text_align_center nd_options_toogle_title_close_987 nd_options_width_25 nd_options_display_none nd_options_height_25  nd_options_position_absolute nd_options_top_0 nd_options_left_0\">\n            <img decoding=\"async\" alt=\"\" class=\"nd_options_margin_top_6\" src=\"https:\/\/i0.wp.com\/ecoletravel.com\/wp-content\/plugins\/nd-shortcodes\/shortcodes\/custom\/toogle\/icon-less-white.png?w=12&#038;ssl=1\" data-recalc-dims=\"1\">\n          <\/span>\n          Charla de Bienvenida\n        <\/p>\n      <\/div>\n      \n      <div class=\"nd_options_display_none nd_options_padding_20 nd_options_padding_left_45 nd_options_toogle_content_987 nd_options_section nd_options_box_sizing_border_box\">\n        <p>Nuestro primer compromiso es ofrecer un excelente servicio a todos los hu\u00e9spedes que visitan Costa Rica. Casi todos nuestros FITS se reciben en nuestras oficinas al d\u00eda siguiente de su llegada. Es importante para nosotros que sepan qui\u00e9nes somos y con qui\u00e9n est\u00e1n tratando en caso de que surja alg\u00fan inconveniente durante sus vacaciones. Les damos la bienvenida con una taza de caf\u00e9 de Costa Rica. \u00a1Pueden aclarar sus \u00faltimas dudas y les daremos algunos consejos \u00fatiles sobre su viaje!<\/p>\n      <\/div>\n\n    <\/div>\n\n   <div style=\"background-color:;height: 20px\" class=\"nicdark_section  \"><\/div>\n\n    <div class=\"nd_options_section nd_options_toogles_faq \">\n\n      <div class=\"nd_options_section nd_options_box_sizing_border_box\">\n        <p class=\"nd_options_toogle_title nd_options_first_font nd_options_font_size_17 nd_options_position_relative nd_options_padding_right_20 nd_options_padding_top_5 nd_options_padding_left_45 nd_options_padding_bottom_5\">\n          <span style=\"background-color:#70a534\" class=\"nd_options_cursor_pointer nd_options_text_align_center nd_options_toogle_title_open_440 nd_options_width_25 nd_options_height_25  nd_options_position_absolute nd_options_top_0 nd_options_left_0\">\n            <img decoding=\"async\" alt=\"\" class=\"nd_options_margin_top_6\" src=\"https:\/\/i2.wp.com\/ecoletravel.com\/wp-content\/plugins\/nd-shortcodes\/shortcodes\/custom\/toogle\/icon-add-white.png?w=12&#038;ssl=1\" data-recalc-dims=\"1\">\n          <\/span> \n          <span style=\"background-color:#70a534\" class=\"nd_options_cursor_pointer nd_options_text_align_center nd_options_toogle_title_close_440 nd_options_width_25 nd_options_display_none nd_options_height_25  nd_options_position_absolute nd_options_top_0 nd_options_left_0\">\n            <img decoding=\"async\" alt=\"\" class=\"nd_options_margin_top_6\" src=\"https:\/\/i0.wp.com\/ecoletravel.com\/wp-content\/plugins\/nd-shortcodes\/shortcodes\/custom\/toogle\/icon-less-white.png?w=12&#038;ssl=1\" data-recalc-dims=\"1\">\n          <\/span>\n          Asistencia en Costa Rica\n        <\/p>\n      <\/div>\n      \n      <div class=\"nd_options_display_none nd_options_padding_20 nd_options_padding_left_45 nd_options_toogle_content_440 nd_options_section nd_options_box_sizing_border_box\">\n        <p>Ofrecemos asistencia 24\/7 durante la estad\u00eda de nuestros clientes en Costa Rica. Para emergencias fuera del horario de oficina, tenemos disponible un n\u00famero de tel\u00e9fono especial para nuestros hu\u00e9spedes.<\/p>\n      <\/div>\n\n    <\/div>\n\n   <div style=\"background-color:;height: 20px\" class=\"nicdark_section  \"><\/div>\n\n    <div class=\"nd_options_section nd_options_toogles_faq \">\n\n      <div class=\"nd_options_section nd_options_box_sizing_border_box\">\n        <p class=\"nd_options_toogle_title nd_options_first_font nd_options_font_size_17 nd_options_position_relative nd_options_padding_right_20 nd_options_padding_top_5 nd_options_padding_left_45 nd_options_padding_bottom_5\">\n          <span style=\"background-color:#f1de0f\" class=\"nd_options_cursor_pointer nd_options_text_align_center nd_options_toogle_title_open_703 nd_options_width_25 nd_options_height_25  nd_options_position_absolute nd_options_top_0 nd_options_left_0\">\n            <img decoding=\"async\" alt=\"\" class=\"nd_options_margin_top_6\" src=\"https:\/\/i2.wp.com\/ecoletravel.com\/wp-content\/plugins\/nd-shortcodes\/shortcodes\/custom\/toogle\/icon-add-white.png?w=12&#038;ssl=1\" data-recalc-dims=\"1\">\n          <\/span> \n          <span style=\"background-color:#f1de0f\" class=\"nd_options_cursor_pointer nd_options_text_align_center nd_options_toogle_title_close_703 nd_options_width_25 nd_options_display_none nd_options_height_25  nd_options_position_absolute nd_options_top_0 nd_options_left_0\">\n            <img decoding=\"async\" alt=\"\" class=\"nd_options_margin_top_6\" src=\"https:\/\/i0.wp.com\/ecoletravel.com\/wp-content\/plugins\/nd-shortcodes\/shortcodes\/custom\/toogle\/icon-less-white.png?w=12&#038;ssl=1\" data-recalc-dims=\"1\">\n          <\/span>\n          Responsabilidad Civil\n        <\/p>\n      <\/div>\n      \n      <div class=\"nd_options_display_none nd_options_padding_20 nd_options_padding_left_45 nd_options_toogle_content_703 nd_options_section nd_options_box_sizing_border_box\">\n        <p>Ecole Travel tiene una pol\u00edtica de responsabilidad que apoya una operaci\u00f3n responsable. Protege las sumas que el asegurado est\u00e1 legalmente obligado a pagar por Responsabilidad Civil por los da\u00f1os causados a terceras personas y \/ o sus bienes, con los que el asegurado mantiene una relaci\u00f3n a trav\u00e9s de un contrato de prestaci\u00f3n de servicios, ejerciendo su profesi\u00f3n. La gran mayor\u00eda de nuestros proveedores tambi\u00e9n est\u00e1n cubiertos individualmente por esta pol\u00edtica. Afortunadamente, en m\u00e1s de 20 a\u00f1os de operaci\u00f3n en Costa Rica, nunca hemos tenido que aplicarla.<\/p>\n      <\/div>\n\n    <\/div>\n\n   <div style=\"background-color:;height: 50px\" class=\"nicdark_section  \"><\/div>[\/vc_column][vc_column width=\u00bb1\/3&#8243; css=\u00bb.vc_custom_1486115020030{padding-right: 30px !important;padding-left: 30px !important;}\u00bb][vc_row_inner css=\u00bb.vc_custom_1532198137072{margin-top: 35px !important;background-image: url(http:\/\/ecoletravel.com\/wp-content\/uploads\/2018\/07\/tour-puentes.jpg?id=1175) !important;background-position: center !important;background-repeat: no-repeat !important;background-size: cover !important;}\u00bb][vc_column_inner css=\u00bb.vc_custom_1502963078281{padding-top: 82px !important;padding-right: 30px !important;padding-bottom: 82px !important;padding-left: 30px !important;background-color: rgba(114,116,117,0.29) !important;*background-color: rgb(114,116,117) !important;}\u00bb][vc_column_text]<\/p>\n<h6 class=\" nd_options_second_font \" style=\"text-align: center; margin-bottom: 10px;\"><a href=\"http:\/\/ecoletravel.com\/index.php\/testimonios\/?lang=es\"><span style=\"color: #ffffff;\">QUE DICEN NUESTROS CLIENTES<\/span><\/a><\/h6>\n<div class=\"nicdark_section\" style=\"text-align: center;\"><\/div>\n<h2 class=\" nd_options_first_font \" style=\"text-align: center;\"><a href=\"http:\/\/ecoletravel.com\/index.php\/testimonios\/?lang=es\"><span style=\"color: #ffffff;\">Testimonios<\/span><\/a><\/h2>\n<p>[\/vc_column_text][\/vc_column_inner][\/vc_row_inner]<div style=\"background-color:;height: 20px\" class=\"nicdark_section  \"><\/div>[vc_row_inner css=\u00bb.vc_custom_1533352011098{margin-top: 35px !important;background-image: url(http:\/\/ecoletravel.com\/wp-content\/uploads\/2018\/08\/P3_posttour-5609-M.jpg?id=1458) !important;background-position: center !important;background-repeat: no-repeat !important;background-size: cover !important;}\u00bb][vc_column_inner css=\u00bb.vc_custom_1502963078281{padding-top: 82px !important;padding-right: 30px !important;padding-bottom: 82px !important;padding-left: 30px !important;background-color: rgba(114,116,117,0.29) !important;*background-color: rgb(114,116,117) !important;}\u00bb][vc_column_text]<\/p>\n<h6 class=\" nd_options_second_font \" style=\"text-align: center; margin-bottom: 10px;\"><a href=\"http:\/\/ecoletravel.com\/index.php\/top-destinations\/\"><span style=\"color: #ffffff;\">DESTINOS PRINCIPALES<\/span><\/a><\/h6>\n<div class=\"nicdark_section\" style=\"text-align: center;\"><\/div>\n<h2 class=\" nd_options_first_font \" style=\"text-align: center;\"><a href=\"ecoletravel.com\/index.php\/top-destinations\/\"><span style=\"color: #ffffff;\">Lo mejor de Costa Rica<\/span><\/a><\/h2>\n<p>[\/vc_column_text][\/vc_column_inner][\/vc_row_inner]<div style=\"background-color:;height: 20px\" class=\"nicdark_section  \"><\/div>[vc_row_inner css=\u00bb.vc_custom_1533767144906{margin-top: 40px !important;background-image: url(http:\/\/ecoletravel.com\/wp-content\/uploads\/2018\/08\/monkey.jpg?id=1459) !important;background-position: center !important;background-repeat: no-repeat !important;background-size: cover !important;}\u00bb][vc_column_inner]<div style=\"background-color:;height: 20px\" class=\"nicdark_section  \"><\/div> <h5 style=\"color:#ffffff;padding:px;text-align:center;font-size:px;line-height:px;letter-spacing: px;font-weight:normal\" class=\"   nd_options_first_font \">HERMOSA TEMPORADA COSTA RICA<\/h5> <div style=\"background-color:;height: 10px\" class=\"nicdark_section  \"><\/div>\n    <div class=\"nd_options_section nd_options_line_height_0  nd_options_text_align_center \">\n        <span style=\"height:2px;width:30px;background-color:#ffffff\" class=\"nd_options_display_inline_block\"><\/span>\n    <\/div>\n   <div style=\"background-color:;height: 10px\" class=\"nicdark_section  \"><\/div> <h2 style=\"color:#ffffff;padding:px;text-align:center;font-size:px;line-height:px;letter-spacing: px;font-weight:normal\" class=\"    \">DISE\u00d1E SU PROPIA EXPERIENCIA<\/h2> <div style=\"background-color:;height: 20px\" class=\"nicdark_section  \"><\/div>\n\t<div class=\"nd_options_section nd_options_text_align_center\">\n\t<a style=\"border: px solid;border-radius:px;letter-spacing:px;line-height:17px;font-size:17px;background-color:#14b9d5;padding:10px 20px;margin:;color:#ffffff\" rel=\"\" href=\"http:\/\/ecoletravel.com\/index.php\/designed-tours\/\" class=\"nicdark_display_inline_block  nd_options_font_weight_normal   \">Solicitud Excursi\u00f3n Personalizada<\/a>\n\t<\/div>\n<div style=\"background-color:;height: 20px\" class=\"nicdark_section  \"><\/div><div style=\"background-color:;height: 25px\" class=\"nicdark_section  \"><\/div>[\/vc_column_inner][\/vc_row_inner][\/vc_column][\/vc_row][vc_row][vc_column][vc_images_carousel images=\u00bb1945,1948,1947,1943,1944,1946&#8243; img_size=\u00bbfull\u00bb slides_per_view=\u00bb3&#8243; autoplay=\u00bbyes\u00bb wrap=\u00bbyes\u00bb][\/vc_column][\/vc_row]<\/p>\n","protected":false},"excerpt":{"rendered":"<p>[vc_row][vc_column][\/vc_column][\/vc_row][vc_row css=\u00bb.vc_custom_1533768021546{margin-top: 20px !important;margin-bottom: 40px !important;}\u00bb el_id=\u00bbsubirsidebar2&#8243;][vc_column width=\u00bb2\/3&#8243;][vc_column_text]Costa Rica es simplemente un destino fant\u00e1stico para viajar y vacacionar. Posee una enorme biodiversidad dentro de sus variados ecosistemas. Situada entre Nicaragua (al norte) y Panam\u00e1 (al sur) tiene una superficie peque\u00f1a, lo que significa que las distancias de viaje son cortas. La abundancia de su naturaleza [&hellip;]<\/p>\n","protected":false},"author":1,"featured_media":0,"parent":0,"menu_order":0,"comment_status":"closed","ping_status":"closed","template":"","meta":{"spay_email":"","footnotes":""},"class_list":["post-1937","page","type-page","status-publish","hentry"],"_links":{"self":[{"href":"https:\/\/ecoletravel.com\/index.php\/wp-json\/wp\/v2\/pages\/1937\/?lang=es"}],"collection":[{"href":"https:\/\/ecoletravel.com\/index.php\/wp-json\/wp\/v2\/pages\/?lang=es"}],"about":[{"href":"https:\/\/ecoletravel.com\/index.php\/wp-json\/wp\/v2\/types\/page\/?lang=es"}],"author":[{"embeddable":true,"href":"https:\/\/ecoletravel.com\/index.php\/wp-json\/wp\/v2\/users\/1\/?lang=es"}],"replies":[{"embeddable":true,"href":"https:\/\/ecoletravel.com\/index.php\/wp-json\/wp\/v2\/comments\/?lang=es&post=1937"}],"version-history":[{"count":10,"href":"https:\/\/ecoletravel.com\/index.php\/wp-json\/wp\/v2\/pages\/1937\/revisions\/?lang=es"}],"predecessor-version":[{"id":2316,"href":"https:\/\/ecoletravel.com\/index.php\/wp-json\/wp\/v2\/pages\/1937\/revisions\/2316\/?lang=es"}],"wp:attachment":[{"href":"https:\/\/ecoletravel.com\/index.php\/wp-json\/wp\/v2\/media\/?lang=es&parent=1937"}],"curies":[{"name":"wp","href":"https:\/\/api.w.org\/{rel}","templated":true}]}}