{"id":1958,"date":"2019-03-04T13:18:27","date_gmt":"2019-03-04T13:18:27","guid":{"rendered":"http:\/\/ecoletravel.com\/?page_id=1958"},"modified":"2019-04-03T19:20:15","modified_gmt":"2019-04-03T19:20:15","slug":"producciones-ecole","status":"publish","type":"page","link":"https:\/\/ecoletravel.com\/index.php\/producciones-ecole\/?lang=es","title":{"rendered":"PRODUCCIONES ECOLE"},"content":{"rendered":"<p>[vc_row][vc_column width=\u00bb6\/12&#8243;] <h2 style=\"color:;padding:px;text-align:;font-size:px;line-height:px;letter-spacing: px;font-weight:\" class=\"    \">NOSOTROS<\/h2> <div style=\"background-color:;height: 10px\" class=\"nicdark_section  \"><\/div>\n    <div class=\"nd_options_section nd_options_line_height_0  nd_options_text_align_left \">\n        <span style=\"height:2px;width:80px;background-color:#f1f1f1\" class=\"nd_options_display_inline_block\"><\/span>\n    <\/div>\n   [\/vc_column][vc_column width=\u00bb3\/12&#8243;][\/vc_column][vc_column width=\u00bb3\/12&#8243;][\/vc_column][\/vc_row][vc_row][vc_column width=\u00bb1\/3&#8243; css=\u00bb.vc_custom_1467360650255{margin-top: 10px !important;margin-bottom: 10px !important;padding-top: 0px !important;padding-right: 40px !important;}\u00bb]<div style=\"background-color:;height: 10px\" class=\"nicdark_section  \"><\/div> <h1 style=\"color:;padding:px;text-align:right;font-size:40px;line-height:50px;letter-spacing: px;font-weight:normal\" class=\"  nd_options_text_align_center_responsive_important nd_options_first_font \">PRODUCCIONES ECOLE<\/h1> [\/vc_column][vc_column width=\u00bb2\/3&#8243; css=\u00bb.vc_custom_1467207292391{margin-top: 10px !important;margin-bottom: 10px !important;padding-top: 0px !important;}\u00bb]<div style=\"background-color:;height: 20px\" class=\"nicdark_section  \"><\/div>[vc_video link=\u00bbhttps:\/\/youtu.be\/gqWJ3ybOlbo\u00bb align=\u00bbright\u00bb][\/vc_column][\/vc_row][vc_row][vc_column css=\u00bb.vc_custom_1467207292391{margin-top: 10px !important;margin-bottom: 10px !important;padding-top: 0px !important;}\u00bb][vc_column_text el_class=\u00bbnd_options_text_align_center_responsive\u00bb]Nuestro departamento Ecole Productions ofrece servicios para fot\u00f3grafos, medios de comunicaci\u00f3n, productoras audiovisuales y periodistas. Sabemos d\u00f3nde puede encontrar el p\u00e1jaro campana o el delf\u00edn que desea filmar y tenemos contactos con el actor o las agencias de reparto que desee contratar.<\/p>\n<p>&nbsp;<\/p>\n<p>Tenemos distribuidores locales que nos han suministrado servicios para programas de televisi\u00f3n como &#8216;Arrivals&#8217; con Floor Dessing, &#8216;Waar is de mol&#8217;, con Johny de Mol y &#8216;Love is in the air&#8217; con Robert ten Brink, pero tambi\u00e9n viajes de prensa para la Conferencia P3: <a href=\"http:\/\/www.plantepeoplepeace.com\/\">Planet People Peace<\/a>.<\/p>\n<p>&nbsp;<\/p>\n<p>Nuestra experiencia se remonta a 1993\u2026[\/vc_column_text][\/vc_column][\/vc_row][vc_row][vc_column][vc_images_carousel images=\u00bb1554,1817,1552,1818,1555,1551,1816&#8243; img_size=\u00bbfull\u00bb slides_per_view=\u00bb3&#8243; autoplay=\u00bbyes\u00bb wrap=\u00bbyes\u00bb][\/vc_column][\/vc_row]<\/p>\n","protected":false},"excerpt":{"rendered":"<p>[vc_row][vc_column width=\u00bb6\/12&#8243;][\/vc_column][vc_column width=\u00bb3\/12&#8243;][\/vc_column][vc_column width=\u00bb3\/12&#8243;][\/vc_column][\/vc_row][vc_row][vc_column width=\u00bb1\/3&#8243; css=\u00bb.vc_custom_1467360650255{margin-top: 10px !important;margin-bottom: 10px !important;padding-top: 0px !important;padding-right: 40px !important;}\u00bb][\/vc_column][vc_column width=\u00bb2\/3&#8243; css=\u00bb.vc_custom_1467207292391{margin-top: 10px !important;margin-bottom: 10px !important;padding-top: 0px !important;}\u00bb][vc_video link=\u00bbhttps:\/\/youtu.be\/gqWJ3ybOlbo\u00bb align=\u00bbright\u00bb][\/vc_column][\/vc_row][vc_row][vc_column css=\u00bb.vc_custom_1467207292391{margin-top: 10px !important;margin-bottom: 10px !important;padding-top: 0px !important;}\u00bb][vc_column_text el_class=\u00bbnd_options_text_align_center_responsive\u00bb]Nuestro departamento Ecole Productions ofrece servicios para fot\u00f3grafos, medios de comunicaci\u00f3n, productoras audiovisuales y periodistas. Sabemos d\u00f3nde puede encontrar el p\u00e1jaro campana o el [&hellip;]<\/p>\n","protected":false},"author":1,"featured_media":0,"parent":0,"menu_order":0,"comment_status":"closed","ping_status":"closed","template":"","meta":{"spay_email":"","footnotes":""},"class_list":["post-1958","page","type-page","status-publish","hentry"],"_links":{"self":[{"href":"https:\/\/ecoletravel.com\/index.php\/wp-json\/wp\/v2\/pages\/1958\/?lang=es"}],"collection":[{"href":"https:\/\/ecoletravel.com\/index.php\/wp-json\/wp\/v2\/pages\/?lang=es"}],"about":[{"href":"https:\/\/ecoletravel.com\/index.php\/wp-json\/wp\/v2\/types\/page\/?lang=es"}],"author":[{"embeddable":true,"href":"https:\/\/ecoletravel.com\/index.php\/wp-json\/wp\/v2\/users\/1\/?lang=es"}],"replies":[{"embeddable":true,"href":"https:\/\/ecoletravel.com\/index.php\/wp-json\/wp\/v2\/comments\/?lang=es&post=1958"}],"version-history":[{"count":4,"href":"https:\/\/ecoletravel.com\/index.php\/wp-json\/wp\/v2\/pages\/1958\/revisions\/?lang=es"}],"predecessor-version":[{"id":2332,"href":"https:\/\/ecoletravel.com\/index.php\/wp-json\/wp\/v2\/pages\/1958\/revisions\/2332\/?lang=es"}],"wp:attachment":[{"href":"https:\/\/ecoletravel.com\/index.php\/wp-json\/wp\/v2\/media\/?lang=es&parent=1958"}],"curies":[{"name":"wp","href":"https:\/\/api.w.org\/{rel}","templated":true}]}}