{"id":1962,"date":"2019-03-04T13:39:12","date_gmt":"2019-03-04T13:39:12","guid":{"rendered":"http:\/\/ecoletravel.com\/?page_id=1962"},"modified":"2022-08-29T16:24:14","modified_gmt":"2022-08-29T16:24:14","slug":"empresa-responsable","status":"publish","type":"page","link":"https:\/\/ecoletravel.com\/index.php\/empresa-responsable\/?lang=es","title":{"rendered":"EMPRESA RESPONSABLE"},"content":{"rendered":"<p>[vc_row][vc_column] <h1 style=\"color:;padding:px;text-align:;font-size:px;line-height:px;letter-spacing: px;font-weight:\" class=\"    \">EMPRESA RESPONSABLE<\/h1> <div style=\"background-color:;height: 20px\" class=\"nicdark_section  \"><\/div> <h3 style=\"color:#a4a4a4;padding:px;text-align:;font-size:px;line-height:px;letter-spacing: px;font-weight:\" class=\"    \">SOSTENIBILIDAD<\/h3> <div style=\"background-color:;height: 20px\" class=\"nicdark_section  \"><\/div>\n    <div class=\"nd_options_section nd_options_line_height_0  nd_options_text_align_left \">\n        <span style=\"height:2px;width:80px;background-color:#f1f1f1\" class=\"nd_options_display_inline_block\"><\/span>\n    <\/div>\n   <div style=\"background-color:;height: 20px\" class=\"nicdark_section  \"><\/div>[\/vc_column][\/vc_row][vc_row css=\u00bb.vc_custom_1533355774662{margin-top: 20px !important;margin-bottom: 40px !important;}\u00bb el_id=\u00bbsubirsidebar2&#8243;][vc_column width=\u00bb2\/3&#8243;][vc_column_text]Ecole Travel tiene m\u00e1s de 29 a\u00f1os operando con \u00e9xito el turismo responsable y sostenible en Costa Rica, comprometi\u00e9ndose a brindar un servicio constante y de alta calidad.<\/p>\n<p>&nbsp;<\/p>\n<p>Estamos comprometidos a tratar con respeto y justicia a nuestros empleados, proveedores y comunidades.<\/p>\n<p>&nbsp;<\/p>\n<p>Nos esforzamos por trabajar juntos con organizaciones tanto locales como privadas y gubernamentales para proteger la naturaleza, las costumbres y la cultura locales. Estos esfuerzos se ven reflejados en las certificaciones de diferente nivel a las que hemos aplicado con \u00e9xito.<\/p>\n<p>&nbsp;<\/p>\n<p>Ser una empresa sostenible y aportar beneficios a todos nuestros accionistas es parte de nuestra Misi\u00f3n desde nuestra creaci\u00f3n. Durante a\u00f1os, los fundadores han pasado este compromiso a los empleados y a los proveedores.<\/p>\n<p>&nbsp;<\/p>\n<p>Esto ha sido reconocido y recompensado con el Nivel \u00c9lite de la Certificaci\u00f3n para la Sostenibilidad Tur\u00edstica &#8211; CST promovido por el Instituto Costarricense de Turismo.[\/vc_column_text][\/vc_column][vc_column width=\u00bb1\/3&#8243; css=\u00bb.vc_custom_1486115020030{padding-right: 30px !important;padding-left: 30px !important;}\u00bb][vc_row_inner css=\u00bb.vc_custom_1532198137072{margin-top: 35px !important;background-image: url(http:\/\/ecoletravel.com\/wp-content\/uploads\/2018\/07\/tour-puentes.jpg?id=1175) !important;background-position: center !important;background-repeat: no-repeat !important;background-size: cover !important;}\u00bb][vc_column_inner css=\u00bb.vc_custom_1502963078281{padding-top: 82px !important;padding-right: 30px !important;padding-bottom: 82px !important;padding-left: 30px !important;background-color: rgba(114,116,117,0.29) !important;*background-color: rgb(114,116,117) !important;}\u00bb][vc_column_text]<\/p>\n<h6 class=\" nd_options_second_font \" style=\"text-align: center; margin-bottom: 10px;\"><a href=\"http:\/\/ecoletravel.com\/index.php\/testimonios\/?lang=es\"><span style=\"color: #ffffff;\">QUE DICEN NUESTROS CLIENTES<\/span><\/a><\/h6>\n<div class=\"nicdark_section\" style=\"text-align: center;\"><\/div>\n<h2 class=\" nd_options_first_font \" style=\"text-align: center;\"><a href=\"http:\/\/ecoletravel.com\/index.php\/testimonios\/?lang=es\"><span style=\"color: #ffffff;\">Testimonios<\/span><\/a><\/h2>\n<p>[\/vc_column_text][\/vc_column_inner][\/vc_row_inner]<div style=\"background-color:;height: 20px\" class=\"nicdark_section  \"><\/div>[vc_row_inner css=\u00bb.vc_custom_1541096783973{margin-top: 35px !important;background-image: url(http:\/\/ecoletravel.com\/wp-content\/uploads\/2018\/08\/P3_posttour-5609-M.jpg?id=1458) !important;background-position: center !important;background-repeat: no-repeat !important;background-size: cover !important;}\u00bb][vc_column_inner css=\u00bb.vc_custom_1502963078281{padding-top: 82px !important;padding-right: 30px !important;padding-bottom: 82px !important;padding-left: 30px !important;background-color: rgba(114,116,117,0.29) !important;*background-color: rgb(114,116,117) !important;}\u00bb][vc_column_text]<\/p>\n<h6 class=\" nd_options_second_font \" style=\"text-align: center; margin-bottom: 10px;\"><a href=\"ecoletravel.com\/index.php\/top-destinations\/\"><span style=\"color: #ffffff;\">DESTINOS PRINCIPALES<\/span><\/a><\/h6>\n<div class=\"nicdark_section\" style=\"text-align: center;\"><\/div>\n<h2 class=\" nd_options_first_font \" style=\"text-align: center;\"><a href=\"ecoletravel.com\/index.php\/top-destinations\/\"><span style=\"color: #ffffff;\">Lo mejor de Costa Rica<\/span><\/a><\/h2>\n<p>[\/vc_column_text][\/vc_column_inner][\/vc_row_inner]<div style=\"background-color:;height: 20px\" class=\"nicdark_section  \"><\/div>[vc_row_inner css=\u00bb.vc_custom_1541097175240{margin-top: 40px !important;background-image: url(http:\/\/ecoletravel.com\/wp-content\/uploads\/2018\/08\/monkey.jpg?id=1459) !important;background-position: center !important;background-repeat: no-repeat !important;background-size: cover !important;}\u00bb el_id=\u00bbvelo\u00bb][vc_column_inner]<div style=\"background-color:;height: 20px\" class=\"nicdark_section  \"><\/div> <h5 style=\"color:#ffffff;padding:px;text-align:center;font-size:px;line-height:px;letter-spacing: px;font-weight:normal\" class=\"   nd_options_first_font \">HERMOSA TEMPORADA COSTA RICA<\/h5> <div style=\"background-color:;height: 10px\" class=\"nicdark_section  \"><\/div>\n    <div class=\"nd_options_section nd_options_line_height_0  nd_options_text_align_center \">\n        <span style=\"height:2px;width:30px;background-color:#ffffff\" class=\"nd_options_display_inline_block\"><\/span>\n    <\/div>\n   <div style=\"background-color:;height: 10px\" class=\"nicdark_section  \"><\/div> <h2 style=\"color:#ffffff;padding:px;text-align:center;font-size:px;line-height:px;letter-spacing: px;font-weight:normal\" class=\"    \">DISE\u00d1E SU PROPIA EXPERIENCIA<\/h2> <div style=\"background-color:;height: 20px\" class=\"nicdark_section  \"><\/div>\n\t<div class=\"nd_options_section nd_options_text_align_center\">\n\t<a style=\"border: px solid;border-radius:px;letter-spacing:px;line-height:17px;font-size:17px;background-color:#14b9d5;padding:10px 20px;margin:;color:#ffffff\" rel=\"\" href=\"http:\/\/ecoletravel.com\/index.php\/designed-tours\/\" class=\"nicdark_display_inline_block  nd_options_font_weight_normal   \">Solicitud Excursi\u00f3n Personalizada<\/a>\n\t<\/div>\n<div style=\"background-color:;height: 20px\" class=\"nicdark_section  \"><\/div><div style=\"background-color:;height: 25px\" class=\"nicdark_section  \"><\/div>[\/vc_column_inner][\/vc_row_inner][\/vc_column][\/vc_row]<\/p>\n","protected":false},"excerpt":{"rendered":"<p>[vc_row][vc_column][\/vc_column][\/vc_row][vc_row css=\u00bb.vc_custom_1533355774662{margin-top: 20px !important;margin-bottom: 40px !important;}\u00bb el_id=\u00bbsubirsidebar2&#8243;][vc_column width=\u00bb2\/3&#8243;][vc_column_text]Ecole Travel tiene m\u00e1s de 29 a\u00f1os operando con \u00e9xito el turismo responsable y sostenible en Costa Rica, comprometi\u00e9ndose a brindar un servicio constante y de alta calidad. &nbsp; Estamos comprometidos a tratar con respeto y justicia a nuestros empleados, proveedores y comunidades. &nbsp; Nos esforzamos por trabajar [&hellip;]<\/p>\n","protected":false},"author":1,"featured_media":0,"parent":0,"menu_order":0,"comment_status":"closed","ping_status":"closed","template":"","meta":{"spay_email":"","footnotes":""},"class_list":["post-1962","page","type-page","status-publish","hentry"],"_links":{"self":[{"href":"https:\/\/ecoletravel.com\/index.php\/wp-json\/wp\/v2\/pages\/1962\/?lang=es"}],"collection":[{"href":"https:\/\/ecoletravel.com\/index.php\/wp-json\/wp\/v2\/pages\/?lang=es"}],"about":[{"href":"https:\/\/ecoletravel.com\/index.php\/wp-json\/wp\/v2\/types\/page\/?lang=es"}],"author":[{"embeddable":true,"href":"https:\/\/ecoletravel.com\/index.php\/wp-json\/wp\/v2\/users\/1\/?lang=es"}],"replies":[{"embeddable":true,"href":"https:\/\/ecoletravel.com\/index.php\/wp-json\/wp\/v2\/comments\/?lang=es&post=1962"}],"version-history":[{"count":6,"href":"https:\/\/ecoletravel.com\/index.php\/wp-json\/wp\/v2\/pages\/1962\/revisions\/?lang=es"}],"predecessor-version":[{"id":2657,"href":"https:\/\/ecoletravel.com\/index.php\/wp-json\/wp\/v2\/pages\/1962\/revisions\/2657\/?lang=es"}],"wp:attachment":[{"href":"https:\/\/ecoletravel.com\/index.php\/wp-json\/wp\/v2\/media\/?lang=es&parent=1962"}],"curies":[{"name":"wp","href":"https:\/\/api.w.org\/{rel}","templated":true}]}}