{"id":1989,"date":"2019-03-04T17:49:24","date_gmt":"2019-03-04T17:49:24","guid":{"rendered":"http:\/\/ecoletravel.com\/?page_id=1989"},"modified":"2019-03-04T17:49:25","modified_gmt":"2019-03-04T17:49:25","slug":"excursiones-programadas","status":"publish","type":"page","link":"https:\/\/ecoletravel.com\/index.php\/excursiones-programadas\/?lang=es","title":{"rendered":"EXCURSIONES PROGRAMADAS"},"content":{"rendered":"<p>[vc_row][vc_column] <h1 style=\"color:;padding:px;text-align:;font-size:px;line-height:px;letter-spacing: px;font-weight:\" class=\"    \">EXCURSIONES PROGRAMADAS<\/h1> <div style=\"background-color:;height: 20px\" class=\"nicdark_section  \"><\/div> <h3 style=\"color:#a4a4a4;padding:px;text-align:;font-size:px;line-height:px;letter-spacing: px;font-weight:\" class=\"    \">PRODUCTOS<\/h3> <div style=\"background-color:;height: 20px\" class=\"nicdark_section  \"><\/div>\n    <div class=\"nd_options_section nd_options_line_height_0  nd_options_text_align_left \">\n        <span style=\"height:2px;width:80px;background-color:#f1f1f1\" class=\"nd_options_display_inline_block\"><\/span>\n    <\/div>\n   <div style=\"background-color:;height: 20px\" class=\"nicdark_section  \"><\/div>[\/vc_column][\/vc_row][vc_row][vc_column][vc_column_text]Ecole Travel ofrece viajes en grupo con fechas de salida garantizadas (excursiones programadas).[\/vc_column_text][vc_column_text]Este tour de 10 d\u00edas \/ 9 noches ofrece los elementos m\u00e1s destacados de Costa Rica: la capital de San Jos\u00e9, el ic\u00f3nico Volc\u00e1n Arenal, las ollas de barro burbujeante en Rinc\u00f3n de la Vieja, el famoso bosques nuboso de Monteverde y las hermosas playas de Manuel Antonio. Adem\u00e1s de visitar estos atractivos naturales, tambi\u00e9n se familiarizar\u00e1 con la vida del campo.[\/vc_column_text][vc_column_text]El viaje de ida y vuelta comienza en d\u00edas fijos, mensualmente, y se opera desde 2 personas hasta un m\u00e1ximo de 16. Los grupos est\u00e1n acompa\u00f1ados por un gu\u00eda biling\u00fce certificado. Un moderno autob\u00fas con A\/C est\u00e1 a disposici\u00f3n del grupo durante todo el viaje.[\/vc_column_text][vc_column_text]El punto de salida y de regreso est\u00e1 en San Jos\u00e9. Con gusto podemos organizar viajes personalizados pre y post la excursi\u00f3n, a otras partes del pa\u00eds.[\/vc_column_text][vc_column_text]Para obtener m\u00e1s informaci\u00f3n, p\u00f3ngase en contacto con <a href=\"mailto:info@ecoletravel.com\">info@ecoletravel.com<\/a>[\/vc_column_text][\/vc_column][\/vc_row][vc_row disable_element=\u00bbyes\u00bb][vc_column]\n\n\t<script type=\"text\/javascript\">\n    \/\/<![CDATA[\n    \n    jQuery(document).ready(function() {\n\n      \/\/START masonry\n      jQuery(function ($) {\n        \n        \/\/Masonry\n    \t\tvar $nd_travel_masonry_content = $(\".nd_travel_masonry_content\").imagesLoaded( function() {\n    \t\t  \/\/ init Masonry after all images have loaded\n    \t\t  $nd_travel_masonry_content.masonry({\n    \t\t    itemSelector: \".nd_travel_masonry_item\"\n    \t\t  });\n    \t\t});\n\n      });\n      \/\/END masonry\n\n    });\n\n    \/\/]]>\n  <\/script>\n\n<div class=\"nd_travel_section nd_travel_masonry_content hidedetails \">\n\n<div id=\"nd_travel_packages_pg_l1_2154\" class=\"nd_travel_masonry_item nd_travel_width_33_percentage nd_travel_float_left nd_travel_width_100_percentage_responsive\">\n\n    <div class=\"nd_travel_section nd_travel_padding_15 nd_travel_box_sizing_border_box\">\n\n        <div class=\"nd_travel_section nd_travel_border_1_solid_grey nd_travel_bg_white\">\n            \n            \n\n        <div class=\"nd_travel_packages_pg_l1_image nd_travel_overflow_hidden nd_travel_section nd_travel_position_relative\">\n\n            \n    <a class=\"nd_travel_position_absolute nd_travel_top_0 nd_travel_left_0 nd_travel_bg_white nd_travel_padding_10_20\" href=\"https:\/\/ecoletravel.com\/index.php\/packages\/juanilama\/?lang=es\">\n        <span class=\"\">$<\/span> <span class=\"\">160<\/span>  \n    <\/a>\n\n            \n            \n            <img decoding=\"async\" alt=\"\" class=\"nd_travel_section\" src=\"https:\/\/i1.wp.com\/ecoletravel.com\/wp-content\/uploads\/2018\/11\/web-juanilama-3.jpg?resize=780%2C520&ssl=1\">\n\n        <\/div>\n\n\n    \n\n            <div class=\"nd_travel_section\">\n                <a class=\"nd_travel_packages_pg_l1_title\" href=\"https:\/\/ecoletravel.com\/index.php\/packages\/juanilama\/?lang=es\"><h3 class=\"nd_options_color_white nd_travel_bg_greydark nd_travel_font_weight_normal nd_travel_padding_20 nd_travel_box_sizing_border_box\">Juanilama<\/h3><\/a>\n            <\/div>\n            <div style=\"background-color:#276694\" class=\"nd_travel_section\">\n                \n                <div class=\"nd_travel_packages_pg_l1_destination nd_travel_float_left nd_travel_width_50_percentage nd_travel_padding_5_20 nd_travel_box_sizing_border_box\">\n                    <a href=\"https:\/\/ecoletravel.com\/index.php\/destinations\/llanuras-del-norte-2\/\"><p class=\"nd_options_color_white\">Llanuras del Norte<\/p><\/a>\n                <\/div>\n                 \n                \n                <div class=\"nd_travel_position_relative nd_travel_packages_pg_l1_typology nd_travel_float_left nd_travel_width_50_percentage nd_travel_padding_5_20 nd_travel_box_sizing_border_box nd_travel_bg_white_alpha_10\">\n                    <span class=\"nd_options_color_white nd_travel_position_relative nd_travel_section\">\n                        <a class=\"nd_options_color_white\" href=\"https:\/\/ecoletravel.com\/index.php\/typologies\/3-dias-3\/?lang=es\">3 D\u00edas<\/a>  \n                    <\/span>\n                <\/div> \n                 \n            <\/div>\n            \n            <div class=\"nd_travel_section nd_travel_padding_20 nd_travel_box_sizing_border_box\">\n\n                <p class=\"nd_travel_packages_pg_l1_text_preview\">La peque\u00f1a comunidad rural de Juanilama est\u00e1 ubicada en las planicies del norte de Costa Rica. Debido a que los <\/p>\n                <div class=\"nd_travel_section nd_travel_height_20\"><\/div>\n                <a href=\"https:\/\/ecoletravel.com\/index.php\/packages\/juanilama\/?lang=es\" class=\"nd_travel_packages_pg_l1_button nd_travel_border_1_solid_grey nd_travel_padding_10_20 nd_options_second_font_important nd_travel_border_radius_0_important nd_travel_background_color_transparent_important nd_travel_cursor_pointer nd_travel_display_inline_block\">M\u00c1S INFO<\/a>\n\n            <\/div>\n        <\/div>\n\n    <\/div>\n\n<\/div>\n\n<div id=\"nd_travel_packages_pg_l1_2152\" class=\"nd_travel_masonry_item nd_travel_width_33_percentage nd_travel_float_left nd_travel_width_100_percentage_responsive\">\n\n    <div class=\"nd_travel_section nd_travel_padding_15 nd_travel_box_sizing_border_box\">\n\n        <div class=\"nd_travel_section nd_travel_border_1_solid_grey nd_travel_bg_white\">\n            \n            \n\n        <div class=\"nd_travel_packages_pg_l1_image nd_travel_overflow_hidden nd_travel_section nd_travel_position_relative\">\n\n            \n    <a class=\"nd_travel_position_absolute nd_travel_top_0 nd_travel_left_0 nd_travel_bg_white nd_travel_padding_10_20\" href=\"https:\/\/ecoletravel.com\/index.php\/packages\/drake-bay\/?lang=es\">\n        <span class=\"\">$<\/span> <span class=\"\">525<\/span>  \n    <\/a>\n\n            \n            \n            <img decoding=\"async\" alt=\"\" class=\"nd_travel_section\" src=\"https:\/\/i2.wp.com\/ecoletravel.com\/wp-content\/uploads\/2018\/11\/web-Drake-103.jpg?resize=780%2C521&ssl=1\">\n\n        <\/div>\n\n\n    \n\n            <div class=\"nd_travel_section\">\n                <a class=\"nd_travel_packages_pg_l1_title\" href=\"https:\/\/ecoletravel.com\/index.php\/packages\/drake-bay\/?lang=es\"><h3 class=\"nd_options_color_white nd_travel_bg_greydark nd_travel_font_weight_normal nd_travel_padding_20 nd_travel_box_sizing_border_box\">Bahia Drake<\/h3><\/a>\n            <\/div>\n            <div style=\"background-color:#f1de0f\" class=\"nd_travel_section\">\n                \n                <div class=\"nd_travel_packages_pg_l1_destination nd_travel_float_left nd_travel_width_50_percentage nd_travel_padding_5_20 nd_travel_box_sizing_border_box\">\n                    <a href=\"https:\/\/ecoletravel.com\/index.php\/destinations\/pacifico-sur\/\"><p class=\"nd_options_color_white\">Pac\u00edfico Sur<\/p><\/a>\n                <\/div>\n                 \n                \n                <div class=\"nd_travel_position_relative nd_travel_packages_pg_l1_typology nd_travel_float_left nd_travel_width_50_percentage nd_travel_padding_5_20 nd_travel_box_sizing_border_box nd_travel_bg_white_alpha_10\">\n                    <span class=\"nd_options_color_white nd_travel_position_relative nd_travel_section\">\n                        <a class=\"nd_options_color_white\" href=\"https:\/\/ecoletravel.com\/index.php\/typologies\/4-dias-2\/?lang=es\">4 D\u00edas<\/a>  \n                    <\/span>\n                <\/div> \n                 \n            <\/div>\n            \n            <div class=\"nd_travel_section nd_travel_padding_20 nd_travel_box_sizing_border_box\">\n\n                <p class=\"nd_travel_packages_pg_l1_text_preview\">Una visita a Corcovado es un punto culminante durante su viaje a Costa Rica. Su lejan\u00eda satisface siempre su <\/p>\n                <div class=\"nd_travel_section nd_travel_height_20\"><\/div>\n                <a href=\"https:\/\/ecoletravel.com\/index.php\/packages\/drake-bay\/?lang=es\" class=\"nd_travel_packages_pg_l1_button nd_travel_border_1_solid_grey nd_travel_padding_10_20 nd_options_second_font_important nd_travel_border_radius_0_important nd_travel_background_color_transparent_important nd_travel_cursor_pointer nd_travel_display_inline_block\">M\u00c1S INFO<\/a>\n\n            <\/div>\n        <\/div>\n\n    <\/div>\n\n<\/div>\n\n<div id=\"nd_travel_packages_pg_l1_2146\" class=\"nd_travel_masonry_item nd_travel_width_33_percentage nd_travel_float_left nd_travel_width_100_percentage_responsive\">\n\n    <div class=\"nd_travel_section nd_travel_padding_15 nd_travel_box_sizing_border_box\">\n\n        <div class=\"nd_travel_section nd_travel_border_1_solid_grey nd_travel_bg_white\">\n            \n            \n\n        <div class=\"nd_travel_packages_pg_l1_image nd_travel_overflow_hidden nd_travel_section nd_travel_position_relative\">\n\n            \n    <a class=\"nd_travel_position_absolute nd_travel_top_0 nd_travel_left_0 nd_travel_bg_white nd_travel_padding_10_20\" href=\"https:\/\/ecoletravel.com\/index.php\/packages\/arenal-monteverde\/?lang=es\">\n        <span class=\"\">$<\/span> <span class=\"\">425<\/span>  \n    <\/a>\n\n            \n            \n            <img decoding=\"async\" alt=\"\" class=\"nd_travel_section\" src=\"https:\/\/i1.wp.com\/ecoletravel.com\/wp-content\/uploads\/2018\/10\/web-image008.jpg?resize=780%2C520&ssl=1\">\n\n        <\/div>\n\n\n    \n\n            <div class=\"nd_travel_section\">\n                <a class=\"nd_travel_packages_pg_l1_title\" href=\"https:\/\/ecoletravel.com\/index.php\/packages\/arenal-monteverde\/?lang=es\"><h3 class=\"nd_options_color_white nd_travel_bg_greydark nd_travel_font_weight_normal nd_travel_padding_20 nd_travel_box_sizing_border_box\">Arenal + Monteverde<\/h3><\/a>\n            <\/div>\n            <div style=\"background-color:#70a534\" class=\"nd_travel_section\">\n                \n                <div class=\"nd_travel_packages_pg_l1_destination nd_travel_float_left nd_travel_width_50_percentage nd_travel_padding_5_20 nd_travel_box_sizing_border_box\">\n                    <a href=\"https:\/\/ecoletravel.com\/index.php\/destinations\/llanuras-del-norte\/\"><p class=\"nd_options_color_white\">Llanuras del Norte<\/p><\/a>\n                <\/div>\n                 \n                \n                <div class=\"nd_travel_position_relative nd_travel_packages_pg_l1_typology nd_travel_float_left nd_travel_width_50_percentage nd_travel_padding_5_20 nd_travel_box_sizing_border_box nd_travel_bg_white_alpha_10\">\n                    <span class=\"nd_options_color_white nd_travel_position_relative nd_travel_section\">\n                        <a class=\"nd_options_color_white\" href=\"https:\/\/ecoletravel.com\/index.php\/typologies\/4-dias\/?lang=es\">4 D\u00edas<\/a>  \n                    <\/span>\n                <\/div> \n                 \n            <\/div>\n            \n            <div class=\"nd_travel_section nd_travel_padding_20 nd_travel_box_sizing_border_box\">\n\n                <p class=\"nd_travel_packages_pg_l1_text_preview\">Durante este viaje de 4 d\u00edas, aprender\u00e1 a entender la raz\u00f3n por la cual Costa Rica es un destino tur\u00edstico tan <\/p>\n                <div class=\"nd_travel_section nd_travel_height_20\"><\/div>\n                <a href=\"https:\/\/ecoletravel.com\/index.php\/packages\/arenal-monteverde\/?lang=es\" class=\"nd_travel_packages_pg_l1_button nd_travel_border_1_solid_grey nd_travel_padding_10_20 nd_options_second_font_important nd_travel_border_radius_0_important nd_travel_background_color_transparent_important nd_travel_cursor_pointer nd_travel_display_inline_block\">M\u00c1S INFO<\/a>\n\n            <\/div>\n        <\/div>\n\n    <\/div>\n\n<\/div><\/div><div style=\"background-color:;height: 40px\" class=\"nicdark_section  \"><\/div>[\/vc_column][\/vc_row][vc_row][vc_column][vc_images_carousel images=\u00bb1807,1811,1808,1812,1809,1827,1810&#8243; img_size=\u00bbfull\u00bb slides_per_view=\u00bb3&#8243; autoplay=\u00bbyes\u00bb wrap=\u00bbyes\u00bb][\/vc_column][\/vc_row]<\/p>\n","protected":false},"excerpt":{"rendered":"<p>[vc_row][vc_column][\/vc_column][\/vc_row][vc_row][vc_column][vc_column_text]Ecole Travel ofrece viajes en grupo con fechas de salida garantizadas (excursiones programadas).[\/vc_column_text][vc_column_text]Este tour de 10 d\u00edas \/ 9 noches ofrece los elementos m\u00e1s destacados de Costa Rica: la capital de San Jos\u00e9, el ic\u00f3nico Volc\u00e1n Arenal, las ollas de barro burbujeante en Rinc\u00f3n de la Vieja, el famoso bosques nuboso de Monteverde y las [&hellip;]<\/p>\n","protected":false},"author":1,"featured_media":0,"parent":0,"menu_order":0,"comment_status":"closed","ping_status":"closed","template":"","meta":{"spay_email":"","footnotes":""},"class_list":["post-1989","page","type-page","status-publish","hentry"],"_links":{"self":[{"href":"https:\/\/ecoletravel.com\/index.php\/wp-json\/wp\/v2\/pages\/1989\/?lang=es"}],"collection":[{"href":"https:\/\/ecoletravel.com\/index.php\/wp-json\/wp\/v2\/pages\/?lang=es"}],"about":[{"href":"https:\/\/ecoletravel.com\/index.php\/wp-json\/wp\/v2\/types\/page\/?lang=es"}],"author":[{"embeddable":true,"href":"https:\/\/ecoletravel.com\/index.php\/wp-json\/wp\/v2\/users\/1\/?lang=es"}],"replies":[{"embeddable":true,"href":"https:\/\/ecoletravel.com\/index.php\/wp-json\/wp\/v2\/comments\/?lang=es&post=1989"}],"version-history":[{"count":1,"href":"https:\/\/ecoletravel.com\/index.php\/wp-json\/wp\/v2\/pages\/1989\/revisions\/?lang=es"}],"predecessor-version":[{"id":1990,"href":"https:\/\/ecoletravel.com\/index.php\/wp-json\/wp\/v2\/pages\/1989\/revisions\/1990\/?lang=es"}],"wp:attachment":[{"href":"https:\/\/ecoletravel.com\/index.php\/wp-json\/wp\/v2\/media\/?lang=es&parent=1989"}],"curies":[{"name":"wp","href":"https:\/\/api.w.org\/{rel}","templated":true}]}}